{"id":1075,"date":"2025-11-23T00:30:48","date_gmt":"2025-11-23T00:30:48","guid":{"rendered":"https:\/\/undetec.net\/cdl\/independencia-de-badia-del-valles-barcellona-2015\/"},"modified":"2025-12-13T19:33:56","modified_gmt":"2025-12-13T19:33:56","slug":"independencia-de-badia-del-valles-barcelona-2015","status":"publish","type":"page","link":"https:\/\/undetec.net\/cdl\/independencia-de-badia-del-valles-barcelona-2015\/","title":{"rendered":"Independ\u00e8ncia de Badia del Vall\u00e8s &#8211; Barcelona 2015"},"content":{"rendered":"<nav class=\"nav-actuacio\"><a class=\"btn-prev\" href=\"https:\/\/undetec.net\/cdl\/mercat-del-pla-2015\">&lt; Mercat del Pla 2015<\/a><a class=\"btn-next\" href=\"https:\/\/undetec.net\/cdl\/festa-major-de-maig-2015\">Festa Major de Maig 2015 &gt;<\/a><\/nav><div>\n    <!--<h2>Informaci\u00f3 general<\/h2> -->\n    <p><strong>4de7, 5de7, 3de7, Pde4, Pde5, Pde4<\/strong><\/p>\n    <section class=\"altres-direccions\">\n    <article class=\"wp-block-group\" style=\"border:1px solid #ddd; padding:0.75rem; margin-bottom:0.75rem;\">\n    <header style=\"display:flex; align-items:center; gap:0.5rem; flex-wrap:wrap;\">  \n    <span>Badia del Vall\u00e8s (Carrer de la Manxa)<\/span>\n    <span>26\/04\/2015 12:00<\/span>\n    <span>\n        <iframe \n            width=\"600\" \n            height=\"250\" \n            style=\"border:0;\" \n            loading=\"lazy\" \n            allowfullscreen \n            referrerpolicy=\"no-referrer-when-downgrade\"\n            src=\"https:\/\/www.google.com\/maps?q=41.507753285455095,2.1145793661928036&hl=ca&z=20&output=embed\">\n        <\/iframe>\n     <\/span>\n   <\/header>\n<\/article>\n<\/section>\n<ul>\n    <li><strong>Rondes:<\/strong> 1a [4de7], 2a [5de7], 3a [3de7], Pilars comiat [Pde4, Pde5, Pde4]<\/li>\n    <li><strong>Puntuacio:<\/strong> 1400<\/li>    <li><strong>Curt:<\/strong> Independ\u00e8ncia de Badia del Vall\u00e8s - Barcelona<\/li>\n<\/ul>\n<ul class=\"actuacio-caps\"><li class=\"actuacio-cap act-rol-cap-de-colla\"><strong>Cap de colla:<\/strong> Dani Rovira Paluzie <\/li><\/ul>\n\n    \n\n<\/div><section class=\"altres-colles\"><h3>Altres colles participants<\/h3><article class=\"wp-block-group\" style=\"border:1px solid #ddd; padding:0.75rem; margin-bottom:0.75rem;\"><header style=\"display:flex; align-items:center; gap:0.5rem; flex-wrap:wrap;\"><span class=\"wp-block-image is-style-rounded\" style=\"display:inline-block;\"><img decoding=\"async\" src=\"https:\/\/castellscat.cat\/images\/colles\/saballuts__saballuts.jpg\" alt=\"Castellers de Sabadell\" style=\"max-width:60px;height:auto;display:block;\"><\/span><h4 class=\"wp-block-heading\" style=\"margin:0; display:inline-block;\"><a href=\"https:\/\/www.saballuts.cat\" target=\"_blank\" rel=\"noopener\">Castellers de Sabadell<\/a><\/h4><span style=\"margin-left:0.5rem; font-size:0.9rem;\">Fundada el 1994<\/span><\/header><p style=\"margin:0 0 0.25rem 0; font-size:0.8rem; color:#666;\">Dades extretes de la <a href=\"https:\/\/castellscat.cat\/ca\/les-colles-llistat\" target=\"_blank\" rel=\"noopener\">CCCC<\/a><\/p><div class=\"wp-block-group\" style=\"margin-bottom:0.25rem;\"><p style=\"margin:0 0 0.25rem 0; font-size:0.9rem;\">Color: Verd ampolla \u00b7 carrer d&#039;Emprius, 13-15<\/p><\/div><div class=\"wp-block-group\" style=\"display:flex; gap:0.5rem; align-items:center; margin-top:0.25rem;\"><a href=\"https:\/\/twitter.com\/https:\/\/twitter.com\/saballuts\" target=\"_blank\" rel=\"noopener\"><img decoding=\"async\" src=\"\/..\/castells\/img\/xs_x.png\" alt=\"X\" style=\"width:20px;height:20px;\"><\/a><a href=\"https:\/\/www.instagram.com\/https:\/\/www.instagram.com\/saballuts\" target=\"_blank\" rel=\"noopener\"><img decoding=\"async\" src=\"\/..\/castells\/img\/xs_instagram.png\" alt=\"Instagram\" style=\"width:20px;height:20px;\"><\/a><a href=\"https:\/\/www.youtube.com\/user\/saballuts\" target=\"_blank\" rel=\"noopener\"><img decoding=\"async\" src=\"\/..\/castells\/img\/xs_youtube.png\" alt=\"YouTube\" style=\"width:20px;height:20px;\"><\/a><\/div><\/article><article class=\"wp-block-group\" style=\"border:1px solid #ddd; padding:0.75rem; margin-bottom:0.75rem;\"><header style=\"display:flex; align-items:center; gap:0.5rem; flex-wrap:wrap;\"><span class=\"wp-block-image is-style-rounded\" style=\"display:inline-block;\"><img decoding=\"async\" src=\"https:\/\/castellscat.cat\/images\/colles\/13.png\" alt=\"Xicots de Vilafranca\" style=\"max-width:60px;height:auto;display:block;\"><\/span><h4 class=\"wp-block-heading\" style=\"margin:0; display:inline-block;\"><a href=\"http:\/\/xicotsvilafranca.cat\/\" target=\"_blank\" rel=\"noopener\">Xicots de Vilafranca<\/a><\/h4><span style=\"margin-left:0.5rem; font-size:0.9rem;\">Fundada el 1982<\/span><\/header><p style=\"margin:0 0 0.25rem 0; font-size:0.8rem; color:#666;\">Dades extretes de la <a href=\"https:\/\/castellscat.cat\/ca\/les-colles-llistat\" target=\"_blank\" rel=\"noopener\">CCCC<\/a><\/p><div class=\"wp-block-group\" style=\"margin-bottom:0.25rem;\"><p style=\"margin:0 0 0.25rem 0; font-size:0.9rem;\">Color: Vermell \u00b7 Pla\u00e7a de Mil\u00e0 i Fontanals, 3<\/p><\/div><div class=\"wp-block-group\" style=\"display:flex; gap:0.5rem; align-items:center; margin-top:0.25rem;\"><a href=\"https:\/\/twitter.com\/@Xicots\" target=\"_blank\" rel=\"noopener\"><img decoding=\"async\" src=\"\/..\/castells\/img\/xs_x.png\" alt=\"X\" style=\"width:20px;height:20px;\"><\/a><a href=\"https:\/\/www.instagram.com\/xicotsdevilafranca\" target=\"_blank\" rel=\"noopener\"><img decoding=\"async\" src=\"\/..\/castells\/img\/xs_instagram.png\" alt=\"Instagram\" style=\"width:20px;height:20px;\"><\/a><\/div><\/article><\/section><p><div class=\"recursos-actuacio\"><div style=\"display:inline; padding-right:5px;\" class=\"video-container\"><iframe loading=\"lazy\" title=\"Actuaci\u00f3 Badia del Vall\u00e8s. Pilars de 4 d&#039;inici d&#039;actuaci\u00f3\" width=\"304\" height=\"171\" src=\"https:\/\/www.youtube.com\/embed\/ZlkqaiKUi0Y?feature=oembed\" frameborder=\"0\" allow=\"accelerometer; autoplay; clipboard-write; encrypted-media; gyroscope; picture-in-picture; web-share\" referrerpolicy=\"strict-origin-when-cross-origin\" allowfullscreen><\/iframe><\/div><div style=\"display:inline; padding-right:5px;\" class=\"video-container\"><iframe loading=\"lazy\" title=\"Actuaci\u00f3 Badia del Vall\u00e8s. 4 de 7\" width=\"304\" height=\"171\" src=\"https:\/\/www.youtube.com\/embed\/eqQYM8C2lY4?feature=oembed\" frameborder=\"0\" allow=\"accelerometer; autoplay; clipboard-write; encrypted-media; gyroscope; picture-in-picture; web-share\" referrerpolicy=\"strict-origin-when-cross-origin\" allowfullscreen><\/iframe><\/div><div style=\"display:inline; padding-right:5px;\" class=\"video-container\"><iframe loading=\"lazy\" title=\"Actuaci\u00f3 Badia del Vall\u00e8s. 5 de 7\" width=\"304\" height=\"171\" src=\"https:\/\/www.youtube.com\/embed\/pYZGGAsbmOA?feature=oembed\" frameborder=\"0\" allow=\"accelerometer; autoplay; clipboard-write; encrypted-media; gyroscope; picture-in-picture; web-share\" referrerpolicy=\"strict-origin-when-cross-origin\" allowfullscreen><\/iframe><\/div><div style=\"display:inline; padding-right:5px;\" class=\"video-container\"><iframe loading=\"lazy\" title=\"Actuaci\u00f3 Badia del Vall\u00e8s. 3 de 7\" width=\"304\" height=\"171\" src=\"https:\/\/www.youtube.com\/embed\/s3F5XEiT9wU?feature=oembed\" frameborder=\"0\" allow=\"accelerometer; autoplay; clipboard-write; encrypted-media; gyroscope; picture-in-picture; web-share\" referrerpolicy=\"strict-origin-when-cross-origin\" allowfullscreen><\/iframe><\/div><div style=\"display:inline; padding-right:5px;\" class=\"video-container\"><iframe loading=\"lazy\" title=\"Actuaci\u00f3 Badia del Vall\u00e8s. Vano de 5\" width=\"304\" height=\"171\" src=\"https:\/\/www.youtube.com\/embed\/MQU-ncmaKRA?feature=oembed\" frameborder=\"0\" allow=\"accelerometer; autoplay; clipboard-write; encrypted-media; gyroscope; picture-in-picture; web-share\" referrerpolicy=\"strict-origin-when-cross-origin\" allowfullscreen><\/iframe><\/div><\/div>\n\n<\/p>\n","protected":false},"excerpt":{"rendered":"","protected":false},"author":2,"featured_media":0,"parent":0,"menu_order":0,"comment_status":"open","ping_status":"closed","template":"","meta":{"footnotes":""},"class_list":["post-1075","page","type-page","status-publish","hentry"],"_links":{"self":[{"href":"https:\/\/undetec.net\/cdl\/wp-json\/wp\/v2\/pages\/1075","targetHints":{"allow":["GET"]}}],"collection":[{"href":"https:\/\/undetec.net\/cdl\/wp-json\/wp\/v2\/pages"}],"about":[{"href":"https:\/\/undetec.net\/cdl\/wp-json\/wp\/v2\/types\/page"}],"author":[{"embeddable":true,"href":"https:\/\/undetec.net\/cdl\/wp-json\/wp\/v2\/users\/2"}],"replies":[{"embeddable":true,"href":"https:\/\/undetec.net\/cdl\/wp-json\/wp\/v2\/comments?post=1075"}],"version-history":[{"count":1,"href":"https:\/\/undetec.net\/cdl\/wp-json\/wp\/v2\/pages\/1075\/revisions"}],"predecessor-version":[{"id":1601,"href":"https:\/\/undetec.net\/cdl\/wp-json\/wp\/v2\/pages\/1075\/revisions\/1601"}],"wp:attachment":[{"href":"https:\/\/undetec.net\/cdl\/wp-json\/wp\/v2\/media?parent=1075"}],"curies":[{"name":"wp","href":"https:\/\/api.w.org\/{rel}","templated":true}]}}