{"id":1103,"date":"2025-11-23T00:30:48","date_gmt":"2025-11-23T00:30:48","guid":{"rendered":"https:\/\/undetec.net\/cdl\/festa-de-la-primavera-a-cornella-de-llobregat-2016\/"},"modified":"2025-11-23T00:30:48","modified_gmt":"2025-11-23T00:30:48","slug":"festa-de-la-primavera-a-cornella-de-llobregat-2016","status":"publish","type":"page","link":"https:\/\/undetec.net\/cdl\/festa-de-la-primavera-a-cornella-de-llobregat-2016\/","title":{"rendered":"Festa de la Primavera a Cornell\u00e0 de Llobregat 2016"},"content":{"rendered":"<nav class=\"nav-actuacio\"><a class=\"btn-prev\" href=\"https:\/\/undetec.net\/cdl\/21e-aniversari-castellers-de-lleida-2016\">&lt; 21\u00e8 Aniversari Castellers de Lleida 2016<\/a><a class=\"btn-next\" href=\"https:\/\/undetec.net\/cdl\/21e-aniversari-dels-moixiganguers-digualada-2016\">21\u00e8 Aniversari dels Moixiganguers d&#039;Igualada 2016 &gt;<\/a><\/nav><div>\n    <!--<h2>Informaci\u00f3 general<\/h2> -->\n    <p><strong>Pde4, Pde4, 3de7, 4de7, 2de6, Pde4, Pde4<\/strong><\/p>\n    <section class=\"altres-direccions\">\n    <article class=\"wp-block-group\" style=\"border:1px solid #ddd; padding:0.75rem; margin-bottom:0.75rem;\">\n    <header style=\"display:flex; align-items:center; gap:0.5rem; flex-wrap:wrap;\">  \n    <span>Cornell\u00e0 de Llobregat (Pla\u00e7a de l&#039;Esgl\u00e9sia)<\/span>\n    <span>16\/04\/2016 18:00<\/span>\n    <span>\n        <iframe \n            width=\"600\" \n            height=\"250\" \n            style=\"border:0;\" \n            loading=\"lazy\" \n            allowfullscreen \n            referrerpolicy=\"no-referrer-when-downgrade\"\n            src=\"https:\/\/www.google.com\/maps?q=41.3556007469206,2.0707362186947345&hl=ca&z=20&output=embed\">\n        <\/iframe>\n     <\/span>\n   <\/header>\n<\/article>\n<\/section>\n<ul>\n    <li><strong>Rondes:<\/strong> obrir pla\u00e7a [Pde4, Pde4], 1a [3de7], 2a [4de7], 3a [2de6], Pilars comiat [Pde4, Pde4]<\/li>\n    <li><strong>Puntuacio:<\/strong> 920<\/li>    <li><strong>Curt:<\/strong> Festa de la Primavera a Cornell\u00e0 de Llobregat<\/li>\n<\/ul>\n<ul class=\"actuacio-caps\"><li class=\"actuacio-cap act-rol-cap-de-colla\"><strong>Cap de colla:<\/strong> Dani Rovira Paluzie <\/li><\/ul>\n\n        <h3>Observacions<\/h3>\n         <div style=\"border:1px solid #ddd; padding:0.75rem; margin-bottom:0.75rem;\">\n              Festa de la Primavera        <\/div>\n        \n\n<\/div><section class=\"altres-colles\"><h3>Altres colles participants<\/h3><article class=\"wp-block-group\" style=\"border:1px solid #ddd; padding:0.75rem; margin-bottom:0.75rem;\"><header style=\"display:flex; align-items:center; gap:0.5rem; flex-wrap:wrap;\"><span class=\"wp-block-image is-style-rounded\" style=\"display:inline-block;\"><img decoding=\"async\" src=\"https:\/\/castellscat.cat\/images\/colles\/castellersdesparraguera__castellers-esparreguera.gif\" alt=\"Castellers d&#039;Esparreguera\" style=\"max-width:60px;height:auto;display:block;\"><\/span><h4 class=\"wp-block-heading\" style=\"margin:0; display:inline-block;\"><a href=\"https:\/\/www.castellersdesparreguera.cat\" target=\"_blank\" rel=\"noopener\">Castellers d&#039;Esparreguera<\/a><\/h4><span style=\"margin-left:0.5rem; font-size:0.9rem;\">Fundada el 1994<\/span><\/header><p style=\"margin:0 0 0.25rem 0; font-size:0.8rem; color:#666;\">Dades extretes de la <a href=\"https:\/\/castellscat.cat\/ca\/les-colles-llistat\" target=\"_blank\" rel=\"noopener\">CCCC<\/a><\/p><div class=\"wp-block-group\" style=\"margin-bottom:0.25rem;\"><p style=\"margin:0 0 0.25rem 0; font-size:0.9rem;\">Color: Bordeus \u00b7 C\/ Llobregat, 2<\/p><\/div><div class=\"wp-block-group\" style=\"display:flex; gap:0.5rem; align-items:center; margin-top:0.25rem;\"><a href=\"https:\/\/twitter.com\/collabordeus\" target=\"_blank\" rel=\"noopener\"><img decoding=\"async\" src=\"\/..\/castells\/img\/xs_x.png\" alt=\"X\" style=\"width:20px;height:20px;\"><\/a><a href=\"https:\/\/www.instagram.com\/collabordeus\" target=\"_blank\" rel=\"noopener\"><img decoding=\"async\" src=\"\/..\/castells\/img\/xs_instagram.png\" alt=\"Instagram\" style=\"width:20px;height:20px;\"><\/a><\/div><\/article><article class=\"wp-block-group\" style=\"border:1px solid #ddd; padding:0.75rem; margin-bottom:0.75rem;\"><header style=\"display:flex; align-items:center; gap:0.5rem; flex-wrap:wrap;\"><span class=\"wp-block-image is-style-rounded\" style=\"display:inline-block;\"><img decoding=\"async\" src=\"https:\/\/castellscat.cat\/images\/colles\/17.jpg\" alt=\"Castellers de Cornell\u00e0\" style=\"max-width:60px;height:auto;display:block;\"><\/span><h4 class=\"wp-block-heading\" style=\"margin:0; display:inline-block;\"><a href=\"http:\/\/www.castellersdecornella.com\/\" target=\"_blank\" rel=\"noopener\">Castellers de Cornell\u00e0<\/a><\/h4><span style=\"margin-left:0.5rem; font-size:0.9rem;\">Fundada el 1991<\/span><\/header><p style=\"margin:0 0 0.25rem 0; font-size:0.8rem; color:#666;\">Dades extretes de la <a href=\"https:\/\/castellscat.cat\/ca\/les-colles-llistat\" target=\"_blank\" rel=\"noopener\">CCCC<\/a><\/p><div class=\"wp-block-group\" style=\"margin-bottom:0.25rem;\"><p style=\"margin:0 0 0.25rem 0; font-size:0.9rem;\">Color: Lila Pantone 265C \u00b7 Carrer Primer de Maig s\/n<\/p><\/div><div class=\"wp-block-group\" style=\"display:flex; gap:0.5rem; align-items:center; margin-top:0.25rem;\"><a href=\"https:\/\/twitter.com\/@castcornella\" target=\"_blank\" rel=\"noopener\"><img decoding=\"async\" src=\"\/..\/castells\/img\/xs_x.png\" alt=\"X\" style=\"width:20px;height:20px;\"><\/a><a href=\"https:\/\/www.instagram.com\/@castcornella\" target=\"_blank\" rel=\"noopener\"><img decoding=\"async\" src=\"\/..\/castells\/img\/xs_instagram.png\" alt=\"Instagram\" style=\"width:20px;height:20px;\"><\/a><\/div><\/article><\/section><p><div class=\"recursos-actuacio\"><div style=\"display:inline; padding-right:5px;\" class=\"video-container\"><iframe loading=\"lazy\" title=\"2016 04 16 Actuacio\u0301 a Cornella\u0300 2pd4 1\" width=\"304\" height=\"171\" src=\"https:\/\/www.youtube.com\/embed\/oYGs9d-2yvE?feature=oembed\" frameborder=\"0\" allow=\"accelerometer; autoplay; clipboard-write; encrypted-media; gyroscope; picture-in-picture; web-share\" referrerpolicy=\"strict-origin-when-cross-origin\" allowfullscreen><\/iframe><\/div><div style=\"display:inline; padding-right:5px;\" class=\"video-container\"><iframe loading=\"lazy\" title=\"2016 04 16 Actuacio\u0301 a Cornella\u0300 3d7\" width=\"304\" height=\"171\" src=\"https:\/\/www.youtube.com\/embed\/viz-w9S81fQ?feature=oembed\" frameborder=\"0\" allow=\"accelerometer; autoplay; clipboard-write; encrypted-media; gyroscope; picture-in-picture; web-share\" referrerpolicy=\"strict-origin-when-cross-origin\" allowfullscreen><\/iframe><\/div><div style=\"display:inline; padding-right:5px;\" class=\"video-container\"><iframe loading=\"lazy\" title=\"2016 04 16 Actuacio\u0301 a Cornella\u0300 4d7\" width=\"304\" height=\"171\" src=\"https:\/\/www.youtube.com\/embed\/_nv-FLH6Ias?feature=oembed\" frameborder=\"0\" allow=\"accelerometer; autoplay; clipboard-write; encrypted-media; gyroscope; picture-in-picture; web-share\" referrerpolicy=\"strict-origin-when-cross-origin\" allowfullscreen><\/iframe><\/div><div style=\"display:inline; padding-right:5px;\" class=\"video-container\"><iframe loading=\"lazy\" title=\"2016 04 16 Actuacio\u0301 a Cornella\u0300 2d6\" width=\"304\" height=\"171\" src=\"https:\/\/www.youtube.com\/embed\/QUdOoITcpDA?feature=oembed\" frameborder=\"0\" allow=\"accelerometer; autoplay; clipboard-write; encrypted-media; gyroscope; picture-in-picture; web-share\" referrerpolicy=\"strict-origin-when-cross-origin\" allowfullscreen><\/iframe><\/div><div style=\"display:inline; padding-right:5px;\" class=\"video-container\"><iframe loading=\"lazy\" title=\"2016 04 16 Actuacio\u0301 a Cornella\u0300 2pd4 2\" width=\"304\" height=\"171\" src=\"https:\/\/www.youtube.com\/embed\/v5ALaRtQeJc?feature=oembed\" frameborder=\"0\" allow=\"accelerometer; autoplay; clipboard-write; encrypted-media; gyroscope; picture-in-picture; web-share\" referrerpolicy=\"strict-origin-when-cross-origin\" allowfullscreen><\/iframe><\/div><\/div>\n\n<\/p>\n","protected":false},"excerpt":{"rendered":"","protected":false},"author":2,"featured_media":0,"parent":0,"menu_order":0,"comment_status":"open","ping_status":"closed","template":"","meta":{"footnotes":""},"class_list":["post-1103","page","type-page","status-publish","hentry"],"_links":{"self":[{"href":"https:\/\/undetec.net\/cdl\/wp-json\/wp\/v2\/pages\/1103","targetHints":{"allow":["GET"]}}],"collection":[{"href":"https:\/\/undetec.net\/cdl\/wp-json\/wp\/v2\/pages"}],"about":[{"href":"https:\/\/undetec.net\/cdl\/wp-json\/wp\/v2\/types\/page"}],"author":[{"embeddable":true,"href":"https:\/\/undetec.net\/cdl\/wp-json\/wp\/v2\/users\/2"}],"replies":[{"embeddable":true,"href":"https:\/\/undetec.net\/cdl\/wp-json\/wp\/v2\/comments?post=1103"}],"version-history":[{"count":0,"href":"https:\/\/undetec.net\/cdl\/wp-json\/wp\/v2\/pages\/1103\/revisions"}],"wp:attachment":[{"href":"https:\/\/undetec.net\/cdl\/wp-json\/wp\/v2\/media?parent=1103"}],"curies":[{"name":"wp","href":"https:\/\/api.w.org\/{rel}","templated":true}]}}