{"id":1350,"date":"2025-12-03T21:31:27","date_gmt":"2025-12-03T21:31:27","guid":{"rendered":"https:\/\/undetec.net\/cdl\/forum-de-les-cultures-barcelona-2004-1300\/"},"modified":"2025-12-03T21:31:27","modified_gmt":"2025-12-03T21:31:27","slug":"forum-de-les-cultures-barcelona-2004-1300","status":"publish","type":"page","link":"https:\/\/undetec.net\/cdl\/forum-de-les-cultures-barcelona-2004-1300\/","title":{"rendered":"F\u00f2rum de les Cultures Barcelona 2004 13:00"},"content":{"rendered":"<nav class=\"nav-actuacio\"><a class=\"btn-prev\" href=\"https:\/\/undetec.net\/cdl\/diada-nacional-de-catalunya-albesa-2004\">&lt; Diada Nacional de Catalunya Albesa 2004<\/a><a class=\"btn-next\" href=\"https:\/\/undetec.net\/cdl\/forum-de-les-cultures-barcelona-2004-1800\">F\u00f2rum de les Cultures Barcelona 2004 18:00 &gt;<\/a><\/nav><div>\n    <!--<h2>Informaci\u00f3 general<\/h2> -->\n    <p><strong>Pde4, Pde4, Pde4, 2de6, 3de7, Pde5<\/strong><\/p>\n    <section class=\"altres-direccions\">\n    <article class=\"wp-block-group\" style=\"border:1px solid #ddd; padding:0.75rem; margin-bottom:0.75rem;\">\n    <header style=\"display:flex; align-items:center; gap:0.5rem; flex-wrap:wrap;\">  \n    <span>Barcelona (Pla\u00e7a del F\u00f2rum)<\/span>\n    <span>18\/09\/2004 13:00<\/span>\n    <span>\n        <iframe \n            width=\"600\" \n            height=\"250\" \n            style=\"border:0;\" \n            loading=\"lazy\" \n            allowfullscreen \n            referrerpolicy=\"no-referrer-when-downgrade\"\n            src=\"https:\/\/www.google.com\/maps?q=41.11793876220988,1.2588648162151503&hl=ca&z=20&output=embed\">\n        <\/iframe>\n     <\/span>\n   <\/header>\n<\/article>\n<\/section>\n<ul>\n    <li><strong>Rondes:<\/strong> obrir pla\u00e7a [Pde4, Pde4, Pde4], 1a [2de6], 2a [3de7], Pilars comiat [Pde5]<\/li>\n    <li><strong>Puntuacio:<\/strong> 855<\/li>    <li><strong>Curt:<\/strong> F\u00f2rum de les Cultures Barcelona<\/li>\n<\/ul>\n<ul class=\"actuacio-caps\"><li class=\"actuacio-cap act-rol-cap-de-colla\"><strong>Cap de colla:<\/strong> Carlos Puig-gr\u00f2s Guitart<\/li><\/ul>\n\n            <h3>Notes<\/h3>\n         <div style=\"border:1px solid #ddd; padding:0.75rem; margin-bottom:0.75rem;\">\n        Sortida dels autocars a les 9:00 de la Rambla d&#039;Arag\u00f3, davant de l&#039;edifici del rectorat de la UdL. Viatge directe fins a la destinaci\u00f3. No hi haur\u00e0 cap parada. Qui hi vagi amb el seu pr\u00f2pi vehicle haur\u00e0 de ser a l&#039;entrada del F\u00f2rum a les 11:30. Hi haur\u00e0 una actuaci\u00f3 a les 13:00 i una altra a les 18:00. Totes dues al peu de les escales de baixen de la pla\u00e7a cap al port. Tornada cap a Lleida un cop hagi acabat l&#039;espectacle nocturn &quot;Moure el m\u00f3n&quot;. L&#039;organitzaci\u00f3 del F\u00f2rum facilitar\u00e0 als castellers un val que es podr\u00e0 canviar per menjar i beure als establiments del recinte. Xerrics d&#039;Olot: 1\/4, 1\/4, 2\/6, 3\/7(Id), 1\/4 Castellers de Cerdanyola: 1\/4, 3\/6, 4\/6, 1\/4        <\/div>\n    \n\n<h3>Anar a una altre...<\/h3><ul><li>F\u00f2rum de les Cultures Barcelona 2004 13:00<\/li><\/ul><ul><li><a href=\"https:\/\/undetec.net\/cdl\/forum-de-les-cultures-barcelona-2004-1800\">F\u00f2rum de les Cultures Barcelona 2004 18:00<\/a> <\/li><\/ul><\/div><section class=\"altres-colles\"><h3>Altres colles participants<\/h3><article class=\"wp-block-group\" style=\"border:1px solid #ddd; padding:0.75rem; margin-bottom:0.75rem;\"><header style=\"display:flex; align-items:center; gap:0.5rem; flex-wrap:wrap;\"><span class=\"wp-block-image is-style-rounded\" style=\"display:inline-block;\"><img decoding=\"async\" src=\"https:\/\/castellscat.cat\/images\/colles\/cerdanyola__castellers-cerdanyola.gif\" alt=\"Castellers de Cerdanyola\" style=\"max-width:60px;height:auto;display:block;\"><\/span><h4 class=\"wp-block-heading\" style=\"margin:0; display:inline-block;\"><a href=\"https:\/\/www.castellersdecerdanyola.cat\" target=\"_blank\" rel=\"noopener\">Castellers de Cerdanyola<\/a><\/h4><span style=\"margin-left:0.5rem; font-size:0.9rem;\">Fundada el 1998<\/span><\/header><p style=\"margin:0 0 0.25rem 0; font-size:0.8rem; color:#666;\">Dades extretes de la <a href=\"https:\/\/castellscat.cat\/ca\/les-colles-llistat\" target=\"_blank\" rel=\"noopener\">CCCC<\/a><\/p><div class=\"wp-block-group\" style=\"margin-bottom:0.25rem;\"><p style=\"margin:0 0 0.25rem 0; font-size:0.9rem;\">Color: verd \u00b7 C\/Remei 15<\/p><\/div><div class=\"wp-block-group\" style=\"display:flex; gap:0.5rem; align-items:center; margin-top:0.25rem;\"><a href=\"https:\/\/twitter.com\/ccerdanyola\" target=\"_blank\" rel=\"noopener\"><img decoding=\"async\" src=\"\/..\/castells\/img\/xs_x.png\" alt=\"X\" style=\"width:20px;height:20px;\"><\/a><a href=\"https:\/\/www.instagram.com\/ccerdanyola\" target=\"_blank\" rel=\"noopener\"><img decoding=\"async\" src=\"\/..\/castells\/img\/xs_instagram.png\" alt=\"Instagram\" style=\"width:20px;height:20px;\"><\/a><\/div><\/article><article class=\"wp-block-group\" style=\"border:1px solid #ddd; padding:0.75rem; margin-bottom:0.75rem;\"><header style=\"display:flex; align-items:center; gap:0.5rem; flex-wrap:wrap;\"><span class=\"wp-block-image is-style-rounded\" style=\"display:inline-block;\"><img decoding=\"async\" src=\"https:\/\/castellscat.cat\/images\/colles\/xerrics__xerrics-olot.gif\" alt=\"Xerrics d&#039;Olot\" style=\"max-width:60px;height:auto;display:block;\"><\/span><h4 class=\"wp-block-heading\" style=\"margin:0; display:inline-block;\"><a href=\"https:\/\/www.xerrics.cat\" target=\"_blank\" rel=\"noopener\">Xerrics d&#039;Olot<\/a><\/h4><span style=\"margin-left:0.5rem; font-size:0.9rem;\">Fundada el 2002<\/span><\/header><p style=\"margin:0 0 0.25rem 0; font-size:0.8rem; color:#666;\">Dades extretes de la <a href=\"https:\/\/castellscat.cat\/ca\/les-colles-llistat\" target=\"_blank\" rel=\"noopener\">CCCC<\/a><\/p><div class=\"wp-block-group\" style=\"margin-bottom:0.25rem;\"><p style=\"margin:0 0 0.25rem 0; font-size:0.9rem;\">Avda.Reis Cat\u00f3lics, n\u00ba5<\/p><\/div><\/article><\/section><p><div class=\"recursos-actuacio\"><a data-flickr-embed=\"true\" data-header=\"false\" data-footer=\"false\" \n    href=\"https:\/\/www.flickr.com\/photos\/castellersdelleida\/albums\/72177720296343145\" title=\"\"><img loading=\"lazy\" decoding=\"async\" src=\"https:\/\/live.staticflickr.com\/65535\/54921017547_dd071a5217_z.jpg\" width=\"620\" height=\"450\" alt=\"\"\/><\/a>\n    <script async src=\"\/\/embedr.flickr.com\/assets\/client-code.js\" charset=\"utf-8\"><\/script><a data-flickr-embed=\"true\" data-header=\"false\" data-footer=\"false\" \n    href=\"https:\/\/www.flickr.com\/photos\/castellersdelleida\/albums\/72177720296348196\" title=\"\"><img loading=\"lazy\" decoding=\"async\" src=\"https:\/\/live.staticflickr.com\/65535\/54921017547_dd071a5217_z.jpg\" width=\"620\" height=\"450\" alt=\"\"\/><\/a>\n    <script async src=\"\/\/embedr.flickr.com\/assets\/client-code.js\" charset=\"utf-8\"><\/script><\/div>\n\n<\/p>\n","protected":false},"excerpt":{"rendered":"","protected":false},"author":2,"featured_media":0,"parent":0,"menu_order":0,"comment_status":"open","ping_status":"closed","template":"","meta":{"footnotes":""},"class_list":["post-1350","page","type-page","status-publish","hentry"],"_links":{"self":[{"href":"https:\/\/undetec.net\/cdl\/wp-json\/wp\/v2\/pages\/1350","targetHints":{"allow":["GET"]}}],"collection":[{"href":"https:\/\/undetec.net\/cdl\/wp-json\/wp\/v2\/pages"}],"about":[{"href":"https:\/\/undetec.net\/cdl\/wp-json\/wp\/v2\/types\/page"}],"author":[{"embeddable":true,"href":"https:\/\/undetec.net\/cdl\/wp-json\/wp\/v2\/users\/2"}],"replies":[{"embeddable":true,"href":"https:\/\/undetec.net\/cdl\/wp-json\/wp\/v2\/comments?post=1350"}],"version-history":[{"count":0,"href":"https:\/\/undetec.net\/cdl\/wp-json\/wp\/v2\/pages\/1350\/revisions"}],"wp:attachment":[{"href":"https:\/\/undetec.net\/cdl\/wp-json\/wp\/v2\/media?parent=1350"}],"curies":[{"name":"wp","href":"https:\/\/api.w.org\/{rel}","templated":true}]}}