{"id":1775,"date":"2026-01-01T17:22:43","date_gmt":"2026-01-01T17:22:43","guid":{"rendered":"https:\/\/undetec.net\/cdl\/?page_id=1775"},"modified":"2026-01-01T17:22:43","modified_gmt":"2026-01-01T17:22:43","slug":"cap-de-colla-andreu-perez","status":"publish","type":"page","link":"https:\/\/undetec.net\/cdl\/cap-de-colla-andreu-perez\/","title":{"rendered":"Andreu P\u00e8rez"},"content":{"rendered":"\n<div class=\"wp-block-group alignfull has-accent-2-background-color has-background has-global-padding is-layout-constrained wp-container-core-group-is-layout-669513ed wp-block-group-is-layout-constrained\" style=\"margin-top:0;margin-bottom:0;padding-top:var(--wp--preset--spacing--50);padding-right:var(--wp--preset--spacing--50);padding-bottom:var(--wp--preset--spacing--50);padding-left:var(--wp--preset--spacing--50)\">\n<div class=\"wp-block-columns alignwide is-layout-flex wp-container-core-columns-is-layout-28f84493 wp-block-columns-is-layout-flex\">\n<div class=\"wp-block-column is-layout-flow wp-block-column-is-layout-flow\" style=\"flex-basis:40%\">\n<p class=\"wp-container-content-0733e5d0\"><\/p>\n<\/div>\n\n\n\n<div class=\"wp-block-column is-layout-flow wp-block-column-is-layout-flow\" style=\"flex-basis:60%\">\n<p class=\"has-heading-font-family has-x-large-font-size\" style=\"line-height:1.2\">Adreu P\u00e8rez. Primer cap de colla.<\/p>\n<\/div>\n<\/div>\n\n\n\n<div style=\"height:var(--wp--preset--spacing--40)\" aria-hidden=\"true\" class=\"wp-block-spacer\"><\/div>\n\n\n\n<figure class=\"wp-block-image alignwide size-large is-style-rounded is-style-rounded--1\"><img decoding=\"async\" src=\"https:\/\/undetec.net\/cdl\/wp-content\/themes\/twentytwentyfour\/assets\/images\/hotel-facade.webp\" alt=\"Hyatt Regency San Francisco, San Francisco, Estats Units\"\/><\/figure>\n<\/div>\n\n\n\n<div class=\"wp-block-group alignfull has-base-background-color has-background has-global-padding is-layout-constrained wp-container-core-group-is-layout-d89aad35 wp-block-group-is-layout-constrained\" style=\"margin-top:0;margin-bottom:0;padding-top:var(--wp--preset--spacing--50);padding-right:var(--wp--preset--spacing--50);padding-bottom:var(--wp--preset--spacing--50);padding-left:var(--wp--preset--spacing--50)\">\n<div class=\"wp-block-columns alignwide is-layout-flex wp-container-core-columns-is-layout-549b0c86 wp-block-columns-is-layout-flex\">\n<div class=\"wp-block-column has-global-padding is-content-justification-left is-layout-constrained wp-container-core-column-is-layout-4f15e8fe wp-block-column-is-layout-constrained\" style=\"flex-basis:40%\">\n<p>La galeria d&#8217;art revitalitzada redefineix el paisatge cultural.<\/p>\n<\/div>\n\n\n\n<div class=\"wp-block-column is-layout-flow wp-container-core-column-is-layout-119bc444 wp-block-column-is-layout-flow\" style=\"flex-basis:60%\">\n<p class=\"has-heading-font-family has-x-large-font-size\" style=\"line-height:1.2\">Amb una meticulosa atenci\u00f3 al detall i un comprom\u00eds amb l&#8217;excel\u00b7l\u00e8ncia, creem espais que inspiren, eleven i enriqueixen la vida de les persones que els habiten.<\/p>\n\n\n\n<div class=\"wp-block-columns is-layout-flex wp-container-core-columns-is-layout-87beb0d0 wp-block-columns-is-layout-flex\">\n<div class=\"wp-block-column is-layout-flow wp-block-column-is-layout-flow\">\n<p class=\"wp-container-content-9cfa9a5a\">La revitalitzada Galeria d&#8217;Art est\u00e0 preparada per redefinir el paisatge cultural de Toronto, servint com a nexe d&#8217;expressi\u00f3 art\u00edstica, comprom\u00eds comunitari i meravella arquitect\u00f2nica. El projecte d&#8217;ampliaci\u00f3 i renovaci\u00f3 ret homenatge a la rica hist\u00f2ria de la Galeria d&#8217;Art alhora que abra\u00e7a el futur, assegurant que la galeria segueixi sent un far d&#8217;inspiraci\u00f3.<\/p>\n<\/div>\n\n\n\n<div class=\"wp-block-column is-layout-flow wp-block-column-is-layout-flow\">\n<p>La revitalitzada Galeria d&#8217;Art est\u00e0 preparada per redefinir el paisatge cultural de Toronto, servint com a nexe d&#8217;expressi\u00f3 art\u00edstica, comprom\u00eds comunitari i meravella arquitect\u00f2nica. El projecte d&#8217;ampliaci\u00f3 i renovaci\u00f3 ret homenatge a la rica hist\u00f2ria de la Galeria d&#8217;Art alhora que abra\u00e7a el futur, assegurant que la galeria segueixi sent un far d&#8217;inspiraci\u00f3.<\/p>\n<\/div>\n<\/div>\n<\/div>\n<\/div>\n<\/div>\n\n\n\n<div class=\"wp-block-cover alignfull is-light has-parallax\" style=\"padding-top:var(--wp--preset--spacing--50);padding-right:var(--wp--preset--spacing--50);padding-bottom:var(--wp--preset--spacing--50);padding-left:var(--wp--preset--spacing--50);min-height:100vh;aspect-ratio:unset;\"><div class=\"wp-block-cover__image-background has-parallax\" style=\"background-position:50% 50%;background-image:url(https:\/\/undetec.net\/cdl\/wp-content\/themes\/twentytwentyfour\/assets\/images\/art-gallery.webp)\"><\/div><span aria-hidden=\"true\" class=\"wp-block-cover__background has-base-background-color has-background-dim-0 has-background-dim\"><\/span><div class=\"wp-block-cover__inner-container has-global-padding is-layout-constrained wp-container-core-cover-is-layout-e4fd886c wp-block-cover-is-layout-constrained\">\n<div style=\"height:500px\" aria-hidden=\"true\" class=\"wp-block-spacer\"><\/div>\n<\/div><\/div>\n\n\n\n<div class=\"wp-block-group alignfull has-base-2-background-color has-background has-global-padding is-layout-constrained wp-container-core-group-is-layout-7cd14b77 wp-block-group-is-layout-constrained\" style=\"margin-top:0;margin-bottom:0;padding-top:var(--wp--preset--spacing--60);padding-right:var(--wp--preset--spacing--60);padding-bottom:var(--wp--preset--spacing--60);padding-left:var(--wp--preset--spacing--60)\">\n<div class=\"wp-block-group alignwide is-layout-flow wp-block-group-is-layout-flow\">\n<div style=\"height:var(--wp--preset--spacing--50)\" aria-hidden=\"true\" class=\"wp-block-spacer\"><\/div>\n\n\n\n<p class=\"has-text-align-center has-heading-font-family has-x-large-font-size\" style=\"font-style:normal;font-weight:400;line-height:1.2\"><em>\u00c9tudes<\/em> no es limita al passat, ens apassionen els dissenys d&#8217;avantguarda que donen forma al nostre m\u00f3n actual.<\/p>\n\n\n\n<div style=\"height:var(--wp--preset--spacing--50)\" aria-hidden=\"true\" class=\"wp-block-spacer\"><\/div>\n<\/div>\n<\/div>\n\n\n\n<div class=\"wp-block-group alignfull has-base-2-color has-contrast-background-color has-text-color has-background has-link-color wp-elements-d6c43a9e6b16d69db7b735144dde8dff has-global-padding is-layout-constrained wp-container-core-group-is-layout-facafb6f wp-block-group-is-layout-constrained\" style=\"margin-top:0;margin-bottom:0;padding-top:var(--wp--preset--spacing--50);padding-right:var(--wp--preset--spacing--50);padding-bottom:var(--wp--preset--spacing--50);padding-left:var(--wp--preset--spacing--50)\">\n<div class=\"wp-block-columns alignwide is-layout-flex wp-container-core-columns-is-layout-d1c656ed wp-block-columns-is-layout-flex\">\n<div class=\"wp-block-column is-vertically-aligned-stretch is-layout-flow wp-block-column-is-layout-flow\" style=\"padding-right:0;flex-basis:60%\">\n<div class=\"wp-block-group is-vertical is-content-justification-stretch is-layout-flex wp-container-core-group-is-layout-ae24f51d wp-block-group-is-layout-flex\" style=\"min-height:100%\">\n<figure class=\"wp-block-image size-large is-style-rounded is-style-rounded--2\"><img decoding=\"async\" src=\"https:\/\/undetec.net\/cdl\/wp-content\/themes\/twentytwentyfour\/assets\/images\/angular-roof.webp\" alt=\"Una escala buida sota un sostre angular al port de Darling, Sydney, Austr\u00e0lia\" style=\"aspect-ratio:9\/16;object-fit:cover\"\/><\/figure>\n\n\n\n<p class=\"has-medium-font-size\">1. A trav\u00e9s d&#8217;\u00c9tudes, aspirem a redefinir els l\u00edmits arquitect\u00f2nics i inaugurar una nova era d&#8217;excel\u00b7l\u00e8ncia en el disseny que deixi una empremta inesborrable en l&#8217;entorn constru\u00eft.<\/p>\n<\/div>\n<\/div>\n\n\n\n<div class=\"wp-block-column is-layout-flow wp-block-column-is-layout-flow\" style=\"flex-basis:40%\">\n<div class=\"wp-block-group has-global-padding is-layout-constrained wp-block-group-is-layout-constrained\">\n<p class=\"has-large-font-size\" style=\"font-style:normal;font-weight:500;line-height:1.2\">El nostre ampli paquet de serveis professionals at\u00e9n una clientela diversa, que va des dels propietaris fins als desenvolupadors comercials. Amb una aposta per la innovaci\u00f3 i la sostenibilitat, \u00c9tudes \u00e9s el pont que transforma els somnis arquitect\u00f2nics en realitats constru\u00efdes remarcables.<\/p>\n\n\n\n<div style=\"height:var(--wp--preset--spacing--40)\" aria-hidden=\"true\" class=\"wp-block-spacer\"><\/div>\n\n\n\n<div class=\"wp-block-group is-layout-flow wp-block-group-is-layout-flow\">\n<p class=\"has-medium-font-size\">2. Els estudis de casos que celebren l&#8217;art poden alimentar la curiositat i encendre la inspiraci\u00f3.<\/p>\n\n\n\n<figure class=\"wp-block-image size-large is-style-rounded is-style-rounded--3\"><img decoding=\"async\" src=\"https:\/\/undetec.net\/cdl\/wp-content\/themes\/twentytwentyfour\/assets\/images\/art-gallery.webp\" alt=\"Galeria d'art d'Ont\u00e0rio, Toronto, Canad\u00e0\" style=\"aspect-ratio:9\/16;object-fit:cover\"\/><\/figure>\n<\/div>\n<\/div>\n<\/div>\n<\/div>\n<\/div>\n","protected":false},"excerpt":{"rendered":"<p>Adreu P\u00e8rez. Primer cap de colla. La galeria d&#8217;art revitalitzada redefineix el paisatge cultural. Amb una meticulosa atenci\u00f3 al detall i un comprom\u00eds amb l&#8217;excel\u00b7l\u00e8ncia, creem espais que inspiren, eleven i enriqueixen la vida de les persones que els habiten. La revitalitzada Galeria d&#8217;Art est\u00e0 preparada per redefinir el paisatge cultural de Toronto, servint com [&hellip;]<\/p>\n","protected":false},"author":2,"featured_media":0,"parent":0,"menu_order":0,"comment_status":"closed","ping_status":"closed","template":"","meta":{"footnotes":""},"class_list":["post-1775","page","type-page","status-publish","hentry"],"_links":{"self":[{"href":"https:\/\/undetec.net\/cdl\/wp-json\/wp\/v2\/pages\/1775","targetHints":{"allow":["GET"]}}],"collection":[{"href":"https:\/\/undetec.net\/cdl\/wp-json\/wp\/v2\/pages"}],"about":[{"href":"https:\/\/undetec.net\/cdl\/wp-json\/wp\/v2\/types\/page"}],"author":[{"embeddable":true,"href":"https:\/\/undetec.net\/cdl\/wp-json\/wp\/v2\/users\/2"}],"replies":[{"embeddable":true,"href":"https:\/\/undetec.net\/cdl\/wp-json\/wp\/v2\/comments?post=1775"}],"version-history":[{"count":1,"href":"https:\/\/undetec.net\/cdl\/wp-json\/wp\/v2\/pages\/1775\/revisions"}],"predecessor-version":[{"id":1776,"href":"https:\/\/undetec.net\/cdl\/wp-json\/wp\/v2\/pages\/1775\/revisions\/1776"}],"wp:attachment":[{"href":"https:\/\/undetec.net\/cdl\/wp-json\/wp\/v2\/media?parent=1775"}],"curies":[{"name":"wp","href":"https:\/\/api.w.org\/{rel}","templated":true}]}}