{"id":1954,"date":"2026-01-09T22:46:29","date_gmt":"2026-01-09T22:46:29","guid":{"rendered":"https:\/\/undetec.net\/cdl\/sabies-que\/"},"modified":"2026-01-09T22:46:29","modified_gmt":"2026-01-09T22:46:29","slug":"sabies-que","status":"publish","type":"page","link":"https:\/\/undetec.net\/cdl\/sabies-que\/","title":{"rendered":"Sabies que&#8230;?"},"content":{"rendered":"<p><div class=\"cdl-actuacio-countdown-box\">  <div class=\"cdl-actuacio-header\">Encara \/ Nom\u00e9s falten per <\/div>  <div class=\"cdl-actuacio-header\"><a href=\"https:\/\/undetec.net\/cdl\/31e-aniversari-castellers-de-lleida-2026\/\" class=\"cdl-actuacio-enllac\">31\u00e8 Aniversari Castellers de Lleida 2026<\/a><\/div>  <div class=\"cdl-actuacio-body\">      <div id=\"comptador-actuacio\" class=\"cdl-actuacio-timer\" data-target=\"2026-04-11 12:00:00\"><\/div>  <\/div><\/div><\/p><form method=\"get\" class=\"cdl-sabiesque-form\"><label for=\"sabiesque_id\">Selecciona un \"Sabies que\": <\/label><select name=\"sabiesque_id\" id=\"sabiesque_id\" onchange=\"this.form.submit()\"><option value=\"\">-- tria --<\/option><option value=\"1\">Sabies que la primera actuaci\u00f3 fora de les terres de lleida va ser...<\/option><option value=\"49\">Sabies que la primera actuaci\u00f3 que es van descarregar per primer cop tres castells de vuit va ser...<\/option><option value=\"50\">Sabies que els intents per poder descarregar el primer 2de7...<\/option><option value=\"55\">Sabies que el primer any en que no hi va haver cap castell que qued\u00e8s en Intent(I) va ser...<\/option><option value=\"56\">Sabies que hi ha un per\u00edode de 6 anys consecutius en qu\u00e8 no hi ha hagut cap castell que qued\u00e8s en Intent.<\/option><option value=\"51\">Sabies que la \u00fanica colla que ha guanyat la jornada de dissabte del Concurs de Castells de Tarragona i el Concurs de Castells de Torredembarra va ser...<\/option><option value=\"57\">Sabies que el primer 4de8 fet per la colla es fa fer a....<\/option><option value=\"60\">Sabies que la distribuci\u00f3 per anys del 4de8 descarregats \u00e9s<\/option><option value=\"62\">Sabies que els dies de la setmana m\u00e9s actius s\u00f3n<\/option><option value=\"52\">Sabies que el top 10 de les colles amb qui m\u00e9s hem actuat<\/option><option value=\"20\">Sabies que el top 10 de les poblacions on hem fet m\u00e9s castells<\/option><option value=\"31\">Sabies que el top 10 de les places on hem fet m\u00e9s castells<\/option><option value=\"18\">Sabies que el top 10 dels mesos en que hem fet m\u00e9s castells<\/option><option value=\"58\">Sabies que el top 10 dels castells que m\u00e9s vegades hem fet de la gamma de 8 \u00e9s<\/option><option value=\"59\">Sabies que el top 10 dels anys en que m\u00e9s castells de gamma de 8 hem fet<\/option><option value=\"47\">Sabies que el top 10 dels castells que no han caigut mai (nom\u00e9s D o ID, cap I ni C)<\/option><option value=\"61\">Sabies que el top 10 de les hores en qu\u00e8 m\u00e9s actuacions hem fet<\/option><option value=\"48\">Sabies que el top 10 dels castells que no han caigut mai (nom\u00e9s D, cap I ni C ni ID)<\/option><option value=\"29\">Sabies que el top 10 dels castells que m\u00e9s vegades hem fet<\/option><option value=\"30\">Sabies que el top 10 dels castells que m\u00e9s vegades hem fet a un any concret<\/option><option value=\"44\">Sabies que per cada any, entre unes dates, quants castells, quantes actuacions i quins castells hem fet s\u00f3n...<\/option><option value=\"45\">Sabies que les actuacions on hem fet 3 o m\u00e9s vegades el mateix Pde5 en la ronda de Pilars comiat s\u00f3n...<\/option><option value=\"54\">Sabies que de les colles castelleres inscrites actualment a la CCCC no hem actuat mai amb...<\/option><\/select><\/form>\n","protected":false},"excerpt":{"rendered":"","protected":false},"author":2,"featured_media":0,"parent":0,"menu_order":0,"comment_status":"closed","ping_status":"closed","template":"","meta":{"footnotes":""},"class_list":["post-1954","page","type-page","status-publish","hentry"],"_links":{"self":[{"href":"https:\/\/undetec.net\/cdl\/wp-json\/wp\/v2\/pages\/1954","targetHints":{"allow":["GET"]}}],"collection":[{"href":"https:\/\/undetec.net\/cdl\/wp-json\/wp\/v2\/pages"}],"about":[{"href":"https:\/\/undetec.net\/cdl\/wp-json\/wp\/v2\/types\/page"}],"author":[{"embeddable":true,"href":"https:\/\/undetec.net\/cdl\/wp-json\/wp\/v2\/users\/2"}],"replies":[{"embeddable":true,"href":"https:\/\/undetec.net\/cdl\/wp-json\/wp\/v2\/comments?post=1954"}],"version-history":[{"count":0,"href":"https:\/\/undetec.net\/cdl\/wp-json\/wp\/v2\/pages\/1954\/revisions"}],"wp:attachment":[{"href":"https:\/\/undetec.net\/cdl\/wp-json\/wp\/v2\/media?parent=1954"}],"curies":[{"name":"wp","href":"https:\/\/api.w.org\/{rel}","templated":true}]}}