{"id":345,"date":"2025-11-16T17:16:06","date_gmt":"2025-11-16T17:16:06","guid":{"rendered":"https:\/\/undetec.net\/cdl\/festa-major-alcarras-2001\/"},"modified":"2026-01-05T15:18:43","modified_gmt":"2026-01-05T15:18:43","slug":"festa-major-dalcarras-2001","status":"publish","type":"page","link":"https:\/\/undetec.net\/cdl\/festa-major-dalcarras-2001\/","title":{"rendered":"Festa Major d&#8217;Alcarr\u00e0s 2001"},"content":{"rendered":"<nav class=\"nav-actuacio\"><a class=\"btn-prev\" href=\"https:\/\/undetec.net\/cdl\/festes-del-barri-de-balafia-lleida-2001\">&lt; Festes del Barri de Bal\u00e0fia - Lleida 2001<\/a><a class=\"btn-next\" href=\"https:\/\/undetec.net\/cdl\/festa-major-dagramunt-2001\">Festa Major d&#039;Agramunt 2001 &gt;<\/a><\/nav><div>\n    <!--<h2>Informaci\u00f3 general<\/h2> -->\n    <p><strong>Pde4s, 3de7, 4de7, 2de6n, Pde5<\/strong><\/p>\n    <section class=\"altres-direccions\">\n    <article class=\"wp-block-group\" style=\"border:1px solid #ddd; padding:0.75rem; margin-bottom:0.75rem;\">\n    <header style=\"display:flex; align-items:center; gap:0.5rem; flex-wrap:wrap;\">  \n    <span>Alcarr\u00e0s (Pla\u00e7a de l&#039;Esgl\u00e9sia)<\/span>\n    <span>01\/09\/2001 19:30<\/span>\n    <span>\n        <iframe \n            width=\"600\" \n            height=\"250\" \n            style=\"border:0;\" \n            loading=\"lazy\" \n            allowfullscreen \n            referrerpolicy=\"no-referrer-when-downgrade\"\n            src=\"https:\/\/www.google.com\/maps?q=41.56287247207097,0.5245349674877324&hl=ca&z=20&output=embed\">\n        <\/iframe>\n     <\/span>\n   <\/header>\n<\/article>\n<\/section>\n<ul>\n    <li><strong>Rondes:<\/strong> obrir pla\u00e7a [Pde4s], 1a [3de7], 2a [4de7], 3a [2de6n], Pilars comiat [Pde5]<\/li>\n    <li><strong>Puntuacio:<\/strong> 1180<\/li>    <li><strong>Curt:<\/strong> Festa Major d&#039;Alcarr\u00e0s<\/li>\n<\/ul>\n<ul class=\"actuacio-caps\"><li class=\"actuacio-cap act-rol-cap-de-colla\"><strong>Cap de colla:<\/strong> Andreu P\u00e9rez<\/li><\/ul>\n\n    \n\n<h3>Anar a una altre...<\/h3><ul><li><a href=\"https:\/\/undetec.net\/cdl\/festa-major-dalcarras-2025\">Festa Major d&#039;Alcarr\u00e0s 2025<\/a> <\/li><\/ul><ul><li><a href=\"https:\/\/undetec.net\/cdl\/festa-major-dalcarras-2024\">Festa Major d&#039;Alcarr\u00e0s 2024<\/a> <\/li><\/ul><ul><li><a href=\"https:\/\/undetec.net\/cdl\/festa-major-dalcarras-2015\">Festa Major d&#039;Alcarr\u00e0s 2015<\/a> <\/li><\/ul><ul><li><a href=\"https:\/\/undetec.net\/cdl\/festa-major-dalcarras-2002\">Festa Major d&#039;Alcarr\u00e0s 2002<\/a> <\/li><\/ul><ul><li>Festa Major d'Alcarr\u00e0s 2001<\/li><\/ul><ul><li><a href=\"https:\/\/undetec.net\/cdl\/festa-major-dalcarras-2000\">Festa Major d&#039;Alcarr\u00e0s 2000<\/a> <\/li><\/ul><ul><li><a href=\"https:\/\/undetec.net\/cdl\/festa-major-dalcarras-1999\">Festa Major d&#039;Alcarr\u00e0s 1999<\/a> <\/li><\/ul><ul><li><a href=\"https:\/\/undetec.net\/cdl\/festa-major-dalcarras-1998\">Festa Major d&#039;Alcarr\u00e0s 1998<\/a> <\/li><\/ul><ul><li><a href=\"https:\/\/undetec.net\/cdl\/festa-major-dalcarras-1997\">Festa Major d&#039;Alcarr\u00e0s 1997<\/a> <\/li><\/ul><\/div><p><div class=\"recursos-actuacio\"><a data-flickr-embed=\"true\" data-header=\"false\" data-footer=\"false\" \n    href=\"https:\/\/www.flickr.com\/photos\/castellersdelleida\/albums\/72157717260823976\" title=\"\"><img loading=\"lazy\" decoding=\"async\" src=\"https:\/\/live.staticflickr.com\/65535\/54921017547_dd071a5217_z.jpg\" width=\"620\" height=\"450\" alt=\"\"\/><\/a>\n    <script async src=\"\/\/embedr.flickr.com\/assets\/client-code.js\" charset=\"utf-8\"><\/script><a data-flickr-embed=\"true\" data-header=\"false\" data-footer=\"false\" \n    href=\"https:\/\/www.flickr.com\/photos\/castellersdelleida\/albums\/72157717260873183\" title=\"\"><img loading=\"lazy\" decoding=\"async\" src=\"https:\/\/live.staticflickr.com\/65535\/54921017547_dd071a5217_z.jpg\" width=\"620\" height=\"450\" alt=\"\"\/><\/a>\n    <script async src=\"\/\/embedr.flickr.com\/assets\/client-code.js\" charset=\"utf-8\"><\/script><\/div>\n\n<\/p>\n","protected":false},"excerpt":{"rendered":"","protected":false},"author":2,"featured_media":0,"parent":0,"menu_order":0,"comment_status":"open","ping_status":"closed","template":"","meta":{"footnotes":""},"class_list":["post-345","page","type-page","status-publish","hentry"],"_links":{"self":[{"href":"https:\/\/undetec.net\/cdl\/wp-json\/wp\/v2\/pages\/345","targetHints":{"allow":["GET"]}}],"collection":[{"href":"https:\/\/undetec.net\/cdl\/wp-json\/wp\/v2\/pages"}],"about":[{"href":"https:\/\/undetec.net\/cdl\/wp-json\/wp\/v2\/types\/page"}],"author":[{"embeddable":true,"href":"https:\/\/undetec.net\/cdl\/wp-json\/wp\/v2\/users\/2"}],"replies":[{"embeddable":true,"href":"https:\/\/undetec.net\/cdl\/wp-json\/wp\/v2\/comments?post=345"}],"version-history":[{"count":1,"href":"https:\/\/undetec.net\/cdl\/wp-json\/wp\/v2\/pages\/345\/revisions"}],"predecessor-version":[{"id":1839,"href":"https:\/\/undetec.net\/cdl\/wp-json\/wp\/v2\/pages\/345\/revisions\/1839"}],"wp:attachment":[{"href":"https:\/\/undetec.net\/cdl\/wp-json\/wp\/v2\/media?parent=345"}],"curies":[{"name":"wp","href":"https:\/\/api.w.org\/{rel}","templated":true}]}}