{"id":564,"date":"2025-11-23T00:30:45","date_gmt":"2025-11-23T00:30:45","guid":{"rendered":"https:\/\/undetec.net\/cdl\/record-guines-balaguer-1998\/"},"modified":"2025-12-17T12:11:31","modified_gmt":"2025-12-17T12:11:31","slug":"record-guinness-balaguer-1998","status":"publish","type":"page","link":"https:\/\/undetec.net\/cdl\/record-guinness-balaguer-1998\/","title":{"rendered":"Record Guinness &#8211; Balaguer 1998"},"content":{"rendered":"<nav class=\"nav-actuacio\"><a class=\"btn-prev\" href=\"https:\/\/undetec.net\/cdl\/festa-de-lhorta-lleida-1998\">&lt; Festa de l&#039;Horta - Lleida 1998<\/a><a class=\"btn-next\" href=\"https:\/\/undetec.net\/cdl\/festa-major-de-maig-1998\">Festa Major de Maig 1998 &gt;<\/a><\/nav><div>\n    <!--<h2>Informaci\u00f3 general<\/h2> -->\n    <p><strong>4de7, 4de7ag, 3de7, Pde5<\/strong><\/p>\n    <section class=\"altres-direccions\">\n    <article class=\"wp-block-group\" style=\"border:1px solid #ddd; padding:0.75rem; margin-bottom:0.75rem;\">\n    <header style=\"display:flex; align-items:center; gap:0.5rem; flex-wrap:wrap;\">  \n    <span>Balaguer (Pla\u00e7a del Mercadal)<\/span>\n    <span>01\/05\/1998 21:00<\/span>\n    <span>\n        <iframe \n            width=\"600\" \n            height=\"250\" \n            style=\"border:0;\" \n            loading=\"lazy\" \n            allowfullscreen \n            referrerpolicy=\"no-referrer-when-downgrade\"\n            src=\"https:\/\/www.google.com\/maps?q=41.78970610703786,0.805249200881677&hl=ca&z=20&output=embed\">\n        <\/iframe>\n     <\/span>\n   <\/header>\n<\/article>\n<\/section>\n<ul>\n    <li><strong>Rondes:<\/strong> 1a [4de7], 2a [4de7ag], 3a [3de7], Pilars comiat [Pde5]<\/li>\n    <li><strong>Puntuacio:<\/strong> 1395<\/li>    <li><strong>Curt:<\/strong> Record Guinness - Balaguer<\/li>\n<\/ul>\n<ul class=\"actuacio-caps\"><li class=\"actuacio-cap act-rol-cap-de-colla\"><strong>Cap de colla:<\/strong> <a href=\"https:\/\/undetec.net\/cdl\/cap-de-colla-andreu-perez\/\">Andreu P\u00e9rez<\/a><\/li><\/ul>\n\n        <h3>Observacions<\/h3>\n         <div style=\"border:1px solid #ddd; padding:0.75rem; margin-bottom:0.75rem;\">\n              El r\u00e8cord Guinness de la cassolada de caragols m\u00e9s gran del m\u00f3n        <\/div>\n        \n\n<\/div><p>\n\n<\/p>\n","protected":false},"excerpt":{"rendered":"","protected":false},"author":2,"featured_media":0,"parent":0,"menu_order":0,"comment_status":"open","ping_status":"closed","template":"","meta":{"footnotes":""},"class_list":["post-564","page","type-page","status-publish","hentry"],"_links":{"self":[{"href":"https:\/\/undetec.net\/cdl\/wp-json\/wp\/v2\/pages\/564","targetHints":{"allow":["GET"]}}],"collection":[{"href":"https:\/\/undetec.net\/cdl\/wp-json\/wp\/v2\/pages"}],"about":[{"href":"https:\/\/undetec.net\/cdl\/wp-json\/wp\/v2\/types\/page"}],"author":[{"embeddable":true,"href":"https:\/\/undetec.net\/cdl\/wp-json\/wp\/v2\/users\/2"}],"replies":[{"embeddable":true,"href":"https:\/\/undetec.net\/cdl\/wp-json\/wp\/v2\/comments?post=564"}],"version-history":[{"count":1,"href":"https:\/\/undetec.net\/cdl\/wp-json\/wp\/v2\/pages\/564\/revisions"}],"predecessor-version":[{"id":1639,"href":"https:\/\/undetec.net\/cdl\/wp-json\/wp\/v2\/pages\/564\/revisions\/1639"}],"wp:attachment":[{"href":"https:\/\/undetec.net\/cdl\/wp-json\/wp\/v2\/media?parent=564"}],"curies":[{"name":"wp","href":"https:\/\/api.w.org\/{rel}","templated":true}]}}