{"id":583,"date":"2025-11-23T00:30:45","date_gmt":"2025-11-23T00:30:45","guid":{"rendered":"https:\/\/undetec.net\/cdl\/festa-major-alcarras-1998\/"},"modified":"2026-01-05T15:18:42","modified_gmt":"2026-01-05T15:18:42","slug":"festa-major-dalcarras-1998","status":"publish","type":"page","link":"https:\/\/undetec.net\/cdl\/festa-major-dalcarras-1998\/","title":{"rendered":"Festa Major d&#8217;Alcarr\u00e0s 1998"},"content":{"rendered":"<nav class=\"nav-actuacio\"><a class=\"btn-prev\" href=\"https:\/\/undetec.net\/cdl\/festes-del-barri-de-balafia-lleida-1998\">&lt; Festes del Barri de Bal\u00e0fia - Lleida 1998<\/a><a class=\"btn-next\" href=\"https:\/\/undetec.net\/cdl\/festa-major-dagramunt-1998\">Festa Major d&#039;Agramunt 1998 &gt;<\/a><\/nav><div>\n    <!--<h2>Informaci\u00f3 general<\/h2> -->\n    <p><strong>Pde4, Pde4, 4de7ag, 5de7, 4de7, 4de7 (ID), Pde4, Pde5, Pde4, Pde4cam<\/strong><\/p>\n    <section class=\"altres-direccions\">\n    <article class=\"wp-block-group\" style=\"border:1px solid #ddd; padding:0.75rem; margin-bottom:0.75rem;\">\n    <header style=\"display:flex; align-items:center; gap:0.5rem; flex-wrap:wrap;\">  \n    <span>Alcarr\u00e0s (Pla\u00e7a de l&#039;Esgl\u00e9sia)<\/span>\n    <span>30\/08\/1998 19:30<\/span>\n    <span>\n        <iframe \n            width=\"600\" \n            height=\"250\" \n            style=\"border:0;\" \n            loading=\"lazy\" \n            allowfullscreen \n            referrerpolicy=\"no-referrer-when-downgrade\"\n            src=\"https:\/\/www.google.com\/maps?q=41.56287247207097,0.5245349674877324&hl=ca&z=20&output=embed\">\n        <\/iframe>\n     <\/span>\n   <\/header>\n<\/article>\n<\/section>\n<ul>\n    <li><strong>Rondes:<\/strong> obrir pla\u00e7a [Pde4, Pde4], 1a [4de7ag], 2a [5de7], 3a [4de7 (ID), 4de7], Pilars comiat [Pde4, Pde5, Pde4], 2a ronda pilars [Pde4cam]<\/li>\n    <li><strong>Puntuacio:<\/strong> 1520<\/li>    <li><strong>Curt:<\/strong> Festa Major d&#039;Alcarr\u00e0s<\/li>\n<\/ul>\n<ul class=\"actuacio-caps\"><li class=\"actuacio-cap act-rol-cap-de-colla\"><strong>Cap de colla:<\/strong> <a href=\"https:\/\/undetec.net\/cdl\/cap-de-colla-andreu-perez\/\">Andreu P\u00e9rez<\/a><\/li><\/ul>\n<ul><li>Quatre de set: Tercera ronda (Intent desmuntat). <\/li><\/ul>\n    \n\n<h3>Anar a una altre...<\/h3><ul><li><a href=\"https:\/\/undetec.net\/cdl\/festa-major-dalcarras-2025\">Festa Major d&#039;Alcarr\u00e0s 2025<\/a> <\/li><\/ul><ul><li><a href=\"https:\/\/undetec.net\/cdl\/festa-major-dalcarras-2024\">Festa Major d&#039;Alcarr\u00e0s 2024<\/a> <\/li><\/ul><ul><li><a href=\"https:\/\/undetec.net\/cdl\/festa-major-dalcarras-2015\">Festa Major d&#039;Alcarr\u00e0s 2015<\/a> <\/li><\/ul><ul><li><a href=\"https:\/\/undetec.net\/cdl\/festa-major-dalcarras-2002\">Festa Major d&#039;Alcarr\u00e0s 2002<\/a> <\/li><\/ul><ul><li><a href=\"https:\/\/undetec.net\/cdl\/festa-major-dalcarras-2001\">Festa Major d&#039;Alcarr\u00e0s 2001<\/a> <\/li><\/ul><ul><li><a href=\"https:\/\/undetec.net\/cdl\/festa-major-dalcarras-2000\">Festa Major d&#039;Alcarr\u00e0s 2000<\/a> <\/li><\/ul><ul><li><a href=\"https:\/\/undetec.net\/cdl\/festa-major-dalcarras-1999\">Festa Major d&#039;Alcarr\u00e0s 1999<\/a> <\/li><\/ul><ul><li>Festa Major d'Alcarr\u00e0s 1998<\/li><\/ul><ul><li><a href=\"https:\/\/undetec.net\/cdl\/festa-major-dalcarras-1997\">Festa Major d&#039;Alcarr\u00e0s 1997<\/a> <\/li><\/ul><\/div><p><div class=\"recursos-actuacio\"><a data-flickr-embed=\"true\" data-header=\"false\" data-footer=\"false\" \n    href=\"https:\/\/www.flickr.com\/photos\/castellersdelleida\/albums\/72157714358471158\" title=\"\"><img loading=\"lazy\" decoding=\"async\" src=\"https:\/\/live.staticflickr.com\/65535\/54921017547_dd071a5217_z.jpg\" width=\"620\" height=\"450\" alt=\"\"\/><\/a>\n    <script async src=\"\/\/embedr.flickr.com\/assets\/client-code.js\" charset=\"utf-8\"><\/script><\/div>\n\n<\/p>\n","protected":false},"excerpt":{"rendered":"","protected":false},"author":2,"featured_media":0,"parent":0,"menu_order":0,"comment_status":"open","ping_status":"closed","template":"","meta":{"footnotes":""},"class_list":["post-583","page","type-page","status-publish","hentry"],"_links":{"self":[{"href":"https:\/\/undetec.net\/cdl\/wp-json\/wp\/v2\/pages\/583","targetHints":{"allow":["GET"]}}],"collection":[{"href":"https:\/\/undetec.net\/cdl\/wp-json\/wp\/v2\/pages"}],"about":[{"href":"https:\/\/undetec.net\/cdl\/wp-json\/wp\/v2\/types\/page"}],"author":[{"embeddable":true,"href":"https:\/\/undetec.net\/cdl\/wp-json\/wp\/v2\/users\/2"}],"replies":[{"embeddable":true,"href":"https:\/\/undetec.net\/cdl\/wp-json\/wp\/v2\/comments?post=583"}],"version-history":[{"count":1,"href":"https:\/\/undetec.net\/cdl\/wp-json\/wp\/v2\/pages\/583\/revisions"}],"predecessor-version":[{"id":1827,"href":"https:\/\/undetec.net\/cdl\/wp-json\/wp\/v2\/pages\/583\/revisions\/1827"}],"wp:attachment":[{"href":"https:\/\/undetec.net\/cdl\/wp-json\/wp\/v2\/media?parent=583"}],"curies":[{"name":"wp","href":"https:\/\/api.w.org\/{rel}","templated":true}]}}