{"id":678,"date":"2025-11-23T00:30:45","date_gmt":"2025-11-23T00:30:45","guid":{"rendered":"https:\/\/undetec.net\/cdl\/3r-concurs-de-castells-de-torredembarra\/"},"modified":"2025-12-12T19:31:58","modified_gmt":"2025-12-12T19:31:58","slug":"3r-concurs-de-castells-de-torredembarra-2001","status":"publish","type":"page","link":"https:\/\/undetec.net\/cdl\/3r-concurs-de-castells-de-torredembarra-2001\/","title":{"rendered":"3r  Concurs de Castells de Torredembarra 2001"},"content":{"rendered":"<nav class=\"nav-actuacio\"><a class=\"btn-prev\" href=\"https:\/\/undetec.net\/cdl\/festes-del-barri-de-les-corts-barcelona-2001\">&lt; Festes del Barri de les Corts - Barcelona 2001<\/a><a class=\"btn-next\" href=\"https:\/\/undetec.net\/cdl\/inauguracio-sabadell-gent-gran-2001\">Inauguraci\u00f3 Sabadell Gent Gran 2001 &gt;<\/a><\/nav><div>\n    <!--<h2>Informaci\u00f3 general<\/h2> -->\n    <p><strong>Pde4cam, 5de7, 2de7 (C), 4de7ag, Pde4, Pde5, Pde4<\/strong><\/p>\n    <section class=\"altres-direccions\">\n    <article class=\"wp-block-group\" style=\"border:1px solid #ddd; padding:0.75rem; margin-bottom:0.75rem;\">\n    <header style=\"display:flex; align-items:center; gap:0.5rem; flex-wrap:wrap;\">  \n    <span>Torredembarra (Pla\u00e7a del Castell)<\/span>\n    <span>14\/10\/2001 11:30<\/span>\n    <span>\n        <iframe \n            width=\"600\" \n            height=\"250\" \n            style=\"border:0;\" \n            loading=\"lazy\" \n            allowfullscreen \n            referrerpolicy=\"no-referrer-when-downgrade\"\n            src=\"https:\/\/www.google.com\/maps?q=41.14552865927414,1.3953335014813941&hl=ca&z=20&output=embed\">\n        <\/iframe>\n     <\/span>\n   <\/header>\n<\/article>\n<\/section>\n<ul>\n    <li><strong>Rondes:<\/strong> obrir pla\u00e7a [Pde4cam], 1a [5de7], 2a [2de7 (C)], 3a [4de7ag], Pilars comiat [Pde4, Pde5, Pde4]<\/li>\n    <li><strong>Puntuacio:<\/strong> 2000<\/li>    <li><strong>Curt:<\/strong> Concurs de Castells de Torredembarra<\/li>\n<\/ul>\n<ul class=\"actuacio-caps\"><li class=\"actuacio-cap act-rol-cap-de-colla\"><strong>Cap de colla:<\/strong> Andreu P\u00e9rez<\/li><\/ul>\n<ul><li>Dos de set: Segona ronda (Carregat). <\/li><\/ul>\n        <h3>Observacions<\/h3>\n         <div style=\"border:1px solid #ddd; padding:0.75rem; margin-bottom:0.75rem;\">\n              1a Posici\u00f3        <\/div>\n                <h3>Notes<\/h3>\n         <div style=\"border:1px solid #ddd; padding:0.75rem; margin-bottom:0.75rem;\">\n        Tercera edici\u00f3 del Concurs de Castells Vila de Torredembarra, amb la participaci\u00f3 d&#039;onze colles. Primera posici\u00f3 pels Castellers de Lleida, per segon any consecutiu<br \/>\n[Pau Oliva, Pere Bosch]        <\/div>\n    \n\n<h3>Anar a una altre...<\/h3><ul><li>3r  Concurs de Castells de Torredembarra 2001<\/li><\/ul><ul><li><a href=\"https:\/\/undetec.net\/cdl\/2n-concurs-de-castells-de-torredembarra-1999\">2n Concurs de Castells de Torredembarra 1999<\/a> <\/li><\/ul><ul><li><a href=\"https:\/\/undetec.net\/cdl\/1r-concurs-de-castells-de-torredembarra-1997\">1r Concurs de Castells de Torredembarra 1997<\/a> <\/li><\/ul><\/div><section class=\"altres-colles\"><h3>Altres colles participants<\/h3><article class=\"wp-block-group\" style=\"border:1px solid #ddd; padding:0.75rem; margin-bottom:0.75rem;\"><header style=\"display:flex; align-items:center; gap:0.5rem; flex-wrap:wrap;\"><span class=\"wp-block-image is-style-rounded\" style=\"display:inline-block;\"><img decoding=\"async\" src=\"https:\/\/castellscat.cat\/images\/colles\/39.jpg\" alt=\"Castellers d&#039;Altafulla\" style=\"max-width:60px;height:auto;display:block;\"><\/span><h4 class=\"wp-block-heading\" style=\"margin:0; display:inline-block;\"><a href=\"http:\/\/www.castellersaltafulla.cat\" target=\"_blank\" rel=\"noopener\">Castellers d&#039;Altafulla<\/a><\/h4><span style=\"margin-left:0.5rem; font-size:0.9rem;\">Fundada el 1973<\/span><\/header><p style=\"margin:0 0 0.25rem 0; font-size:0.8rem; color:#666;\">Dades extretes de la <a href=\"https:\/\/castellscat.cat\/ca\/les-colles-llistat\" target=\"_blank\" rel=\"noopener\">CCCC<\/a><\/p><div class=\"wp-block-group\" style=\"margin-bottom:0.25rem;\"><p style=\"margin:0 0 0.25rem 0; font-size:0.9rem;\">Color: Lila \u00b7 Carrer de les Eres,  s\/n<\/p><\/div><div class=\"wp-block-group\" style=\"display:flex; gap:0.5rem; align-items:center; margin-top:0.25rem;\"><a href=\"https:\/\/twitter.com\/CdAltafulla\" target=\"_blank\" rel=\"noopener\"><img decoding=\"async\" src=\"\/..\/castells\/img\/xs_x.png\" alt=\"X\" style=\"width:20px;height:20px;\"><\/a><a href=\"https:\/\/www.instagram.com\/Castellersdaltafulla\" target=\"_blank\" rel=\"noopener\"><img decoding=\"async\" src=\"\/..\/castells\/img\/xs_instagram.png\" alt=\"Instagram\" style=\"width:20px;height:20px;\"><\/a><\/div><\/article><article class=\"wp-block-group\" style=\"border:1px solid #ddd; padding:0.75rem; margin-bottom:0.75rem;\"><header style=\"display:flex; align-items:center; gap:0.5rem; flex-wrap:wrap;\"><span class=\"wp-block-image is-style-rounded\" style=\"display:inline-block;\"><img decoding=\"async\" src=\"https:\/\/castellscat.cat\/images\/colles\/castellersdesparraguera__castellers-esparreguera.gif\" alt=\"Castellers d&#039;Esparreguera\" style=\"max-width:60px;height:auto;display:block;\"><\/span><h4 class=\"wp-block-heading\" style=\"margin:0; display:inline-block;\"><a href=\"https:\/\/www.castellersdesparreguera.cat\" target=\"_blank\" rel=\"noopener\">Castellers d&#039;Esparreguera<\/a><\/h4><span style=\"margin-left:0.5rem; font-size:0.9rem;\">Fundada el 1994<\/span><\/header><p style=\"margin:0 0 0.25rem 0; font-size:0.8rem; color:#666;\">Dades extretes de la <a href=\"https:\/\/castellscat.cat\/ca\/les-colles-llistat\" target=\"_blank\" rel=\"noopener\">CCCC<\/a><\/p><div class=\"wp-block-group\" style=\"margin-bottom:0.25rem;\"><p style=\"margin:0 0 0.25rem 0; font-size:0.9rem;\">Color: Bordeus \u00b7 C\/ Llobregat, 2<\/p><\/div><div class=\"wp-block-group\" style=\"display:flex; gap:0.5rem; align-items:center; margin-top:0.25rem;\"><a href=\"https:\/\/twitter.com\/collabordeus\" target=\"_blank\" rel=\"noopener\"><img decoding=\"async\" src=\"\/..\/castells\/img\/xs_x.png\" alt=\"X\" style=\"width:20px;height:20px;\"><\/a><a href=\"https:\/\/www.instagram.com\/collabordeus\" target=\"_blank\" rel=\"noopener\"><img decoding=\"async\" src=\"\/..\/castells\/img\/xs_instagram.png\" alt=\"Instagram\" style=\"width:20px;height:20px;\"><\/a><\/div><\/article><article class=\"wp-block-group\" style=\"border:1px solid #ddd; padding:0.75rem; margin-bottom:0.75rem;\"><header style=\"display:flex; align-items:center; gap:0.5rem; flex-wrap:wrap;\"><span class=\"wp-block-image is-style-rounded\" style=\"display:inline-block;\"><img decoding=\"async\" src=\"https:\/\/castellscat.cat\/images\/colles\/cerdanyola__castellers-cerdanyola.gif\" alt=\"Castellers de Cerdanyola\" style=\"max-width:60px;height:auto;display:block;\"><\/span><h4 class=\"wp-block-heading\" style=\"margin:0; display:inline-block;\"><a href=\"https:\/\/www.castellersdecerdanyola.cat\" target=\"_blank\" rel=\"noopener\">Castellers de Cerdanyola<\/a><\/h4><span style=\"margin-left:0.5rem; font-size:0.9rem;\">Fundada el 1998<\/span><\/header><p style=\"margin:0 0 0.25rem 0; font-size:0.8rem; color:#666;\">Dades extretes de la <a href=\"https:\/\/castellscat.cat\/ca\/les-colles-llistat\" target=\"_blank\" rel=\"noopener\">CCCC<\/a><\/p><div class=\"wp-block-group\" style=\"margin-bottom:0.25rem;\"><p style=\"margin:0 0 0.25rem 0; font-size:0.9rem;\">Color: verd \u00b7 C\/Remei 15<\/p><\/div><div class=\"wp-block-group\" style=\"display:flex; gap:0.5rem; align-items:center; margin-top:0.25rem;\"><a href=\"https:\/\/twitter.com\/ccerdanyola\" target=\"_blank\" rel=\"noopener\"><img decoding=\"async\" src=\"\/..\/castells\/img\/xs_x.png\" alt=\"X\" style=\"width:20px;height:20px;\"><\/a><a href=\"https:\/\/www.instagram.com\/ccerdanyola\" target=\"_blank\" rel=\"noopener\"><img decoding=\"async\" src=\"\/..\/castells\/img\/xs_instagram.png\" alt=\"Instagram\" style=\"width:20px;height:20px;\"><\/a><\/div><\/article><article class=\"wp-block-group\" style=\"border:1px solid #ddd; padding:0.75rem; margin-bottom:0.75rem;\"><header style=\"display:flex; align-items:center; gap:0.5rem; flex-wrap:wrap;\"><h4 class=\"wp-block-heading\" style=\"margin:0; display:inline-block;\">Castellers de Sant Andreu de la Barca<\/h4><span style=\"margin-left:0.5rem; font-size:0.9rem;\">Fundada el 1996<\/span><\/header><div class=\"wp-block-group\" style=\"margin-bottom:0.25rem;\"><p style=\"margin:0 0 0.25rem 0; font-size:0.9rem;\">Dissolta el 2006 \u00b7 Color: Negre<\/p><\/div><\/article><article class=\"wp-block-group\" style=\"border:1px solid #ddd; padding:0.75rem; margin-bottom:0.75rem;\"><header style=\"display:flex; align-items:center; gap:0.5rem; flex-wrap:wrap;\"><span class=\"wp-block-image is-style-rounded\" style=\"display:inline-block;\"><img decoding=\"async\" src=\"https:\/\/castellscat.cat\/images\/colles\/castellersdesarria__escut_petit-01.png\" alt=\"Castellers de Sarri\u00e0\" style=\"max-width:60px;height:auto;display:block;\"><\/span><h4 class=\"wp-block-heading\" style=\"margin:0; display:inline-block;\"><a href=\"https:\/\/www.castellersdesarria.cat\" target=\"_blank\" rel=\"noopener\">Castellers de Sarri\u00e0<\/a><\/h4><span style=\"margin-left:0.5rem; font-size:0.9rem;\">Fundada el 1999<\/span><\/header><p style=\"margin:0 0 0.25rem 0; font-size:0.8rem; color:#666;\">Dades extretes de la <a href=\"https:\/\/castellscat.cat\/ca\/les-colles-llistat\" target=\"_blank\" rel=\"noopener\">CCCC<\/a><\/p><div class=\"wp-block-group\" style=\"margin-bottom:0.25rem;\"><p style=\"margin:0 0 0.25rem 0; font-size:0.9rem;\">Color: Vi \u00b7 c\/ Pare Miquel de Sarri\u00e0, 8<\/p><\/div><div class=\"wp-block-group\" style=\"display:flex; gap:0.5rem; align-items:center; margin-top:0.25rem;\"><a href=\"https:\/\/twitter.com\/cdsarria\" target=\"_blank\" rel=\"noopener\"><img decoding=\"async\" src=\"\/..\/castells\/img\/xs_x.png\" alt=\"X\" style=\"width:20px;height:20px;\"><\/a><a href=\"https:\/\/www.instagram.com\/castellersdesarria\" target=\"_blank\" rel=\"noopener\"><img decoding=\"async\" src=\"\/..\/castells\/img\/xs_instagram.png\" alt=\"Instagram\" style=\"width:20px;height:20px;\"><\/a><\/div><\/article><article class=\"wp-block-group\" style=\"border:1px solid #ddd; padding:0.75rem; margin-bottom:0.75rem;\"><header style=\"display:flex; align-items:center; gap:0.5rem; flex-wrap:wrap;\"><h4 class=\"wp-block-heading\" style=\"margin:0; display:inline-block;\"><a href=\"https:\/\/nyerrosdelaplanamanlleu.blogspot.com\/p\/contacte.html\" target=\"_blank\" rel=\"noopener\">Colla Castellera Nyerros de la Plana<\/a><\/h4><span style=\"margin-left:0.5rem; font-size:0.9rem;\">Fundada el 1998<\/span><\/header><div class=\"wp-block-group\" style=\"margin-bottom:0.25rem;\"><p style=\"margin:0 0 0.25rem 0; font-size:0.9rem;\">Dissolta el 2022 \u00b7 Color: Gris boira \u00b7 C\/ Canig\u00f3, 35 del Pol\u00edgon Industrial la Coromina de Manlleu.<\/p><\/div><div class=\"wp-block-group\" style=\"display:flex; gap:0.5rem; align-items:center; margin-top:0.25rem;\"><a href=\"http:\/\/twitter.com\/#\/NyerrosPlana\" target=\"_blank\" rel=\"noopener\"><img decoding=\"async\" src=\"\/..\/castells\/img\/xs_x.png\" alt=\"X\" style=\"width:20px;height:20px;\"><\/a><a href=\"https:\/\/www.youtube.com\/user\/collacastelleranyerr?ob=5\" target=\"_blank\" rel=\"noopener\"><img decoding=\"async\" src=\"\/..\/castells\/img\/xs_youtube.png\" alt=\"YouTube\" style=\"width:20px;height:20px;\"><\/a><\/div><\/article><article class=\"wp-block-group\" style=\"border:1px solid #ddd; padding:0.75rem; margin-bottom:0.75rem;\"><header style=\"display:flex; align-items:center; gap:0.5rem; flex-wrap:wrap;\"><span class=\"wp-block-image is-style-rounded\" style=\"display:inline-block;\"><img decoding=\"async\" src=\"https:\/\/castellscat.cat\/images\/colles\/jovedesitges__colla-jove-castellers-sitges.gif\" alt=\"Colla Jove de Castellers de Sitges\" style=\"max-width:60px;height:auto;display:block;\"><\/span><h4 class=\"wp-block-heading\" style=\"margin:0; display:inline-block;\"><a href=\"http:\/\/www.jovedesitges.cat\/\" target=\"_blank\" rel=\"noopener\">Colla Jove de Castellers de Sitges<\/a><\/h4><span style=\"margin-left:0.5rem; font-size:0.9rem;\">Fundada el 1993<\/span><\/header><p style=\"margin:0 0 0.25rem 0; font-size:0.8rem; color:#666;\">Dades extretes de la <a href=\"https:\/\/castellscat.cat\/ca\/les-colles-llistat\" target=\"_blank\" rel=\"noopener\">CCCC<\/a><\/p><div class=\"wp-block-group\" style=\"margin-bottom:0.25rem;\"><p style=\"margin:0 0 0.25rem 0; font-size:0.9rem;\">Color: pantone #7421C \u00b7 D\u00b4en Bosch, 10. Palau Rei Moro<\/p><\/div><div class=\"wp-block-group\" style=\"display:flex; gap:0.5rem; align-items:center; margin-top:0.25rem;\"><a href=\"https:\/\/twitter.com\/jovedesitges\" target=\"_blank\" rel=\"noopener\"><img decoding=\"async\" src=\"\/..\/castells\/img\/xs_x.png\" alt=\"X\" style=\"width:20px;height:20px;\"><\/a><a href=\"https:\/\/www.instagram.com\/Semprejove\" target=\"_blank\" rel=\"noopener\"><img decoding=\"async\" src=\"\/..\/castells\/img\/xs_instagram.png\" alt=\"Instagram\" style=\"width:20px;height:20px;\"><\/a><\/div><\/article><article class=\"wp-block-group\" style=\"border:1px solid #ddd; padding:0.75rem; margin-bottom:0.75rem;\"><header style=\"display:flex; align-items:center; gap:0.5rem; flex-wrap:wrap;\"><h4 class=\"wp-block-heading\" style=\"margin:0; display:inline-block;\">Ganxets de Reus<\/h4><span style=\"margin-left:0.5rem; font-size:0.9rem;\">Fundada el 1991<\/span><\/header><div class=\"wp-block-group\" style=\"margin-bottom:0.25rem;\"><p style=\"margin:0 0 0.25rem 0; font-size:0.9rem;\">Dissolta el 2005 \u00b7 Color: Lila morat<\/p><\/div><\/article><article class=\"wp-block-group\" style=\"border:1px solid #ddd; padding:0.75rem; margin-bottom:0.75rem;\"><header style=\"display:flex; align-items:center; gap:0.5rem; flex-wrap:wrap;\"><span class=\"wp-block-image is-style-rounded\" style=\"display:inline-block;\"><img decoding=\"async\" src=\"https:\/\/castellscat.cat\/images\/colles\/noisdelatorre__nois-de-la-torre.gif\" alt=\"Nois de la Torre\" style=\"max-width:60px;height:auto;display:block;\"><\/span><h4 class=\"wp-block-heading\" style=\"margin:0; display:inline-block;\"><a href=\"https:\/\/www.noisdelatorre.cat\" target=\"_blank\" rel=\"noopener\">Nois de la Torre<\/a><\/h4><span style=\"margin-left:0.5rem; font-size:0.9rem;\">Fundada el 1975<\/span><\/header><p style=\"margin:0 0 0.25rem 0; font-size:0.8rem; color:#666;\">Dades extretes de la <a href=\"https:\/\/castellscat.cat\/ca\/les-colles-llistat\" target=\"_blank\" rel=\"noopener\">CCCC<\/a><\/p><div class=\"wp-block-group\" style=\"margin-bottom:0.25rem;\"><p style=\"margin:0 0 0.25rem 0; font-size:0.9rem;\">Color: Blaucel \u00b7 Ctra.de la Riera,30 &quot;La Nau de l&#039;Octavi&quot;<\/p><\/div><div class=\"wp-block-group\" style=\"display:flex; gap:0.5rem; align-items:center; margin-top:0.25rem;\"><a href=\"https:\/\/twitter.com\/@nois1975\" target=\"_blank\" rel=\"noopener\"><img decoding=\"async\" src=\"\/..\/castells\/img\/xs_x.png\" alt=\"X\" style=\"width:20px;height:20px;\"><\/a><a href=\"https:\/\/www.instagram.com\/@noisdelatorre\" target=\"_blank\" rel=\"noopener\"><img decoding=\"async\" src=\"\/..\/castells\/img\/xs_instagram.png\" alt=\"Instagram\" style=\"width:20px;height:20px;\"><\/a><a href=\"http:\/\/www.youtube.com\/user\/dos2team\" target=\"_blank\" rel=\"noopener\"><img decoding=\"async\" src=\"\/..\/castells\/img\/xs_youtube.png\" alt=\"YouTube\" style=\"width:20px;height:20px;\"><\/a><\/div><\/article><article class=\"wp-block-group\" style=\"border:1px solid #ddd; padding:0.75rem; margin-bottom:0.75rem;\"><header style=\"display:flex; align-items:center; gap:0.5rem; flex-wrap:wrap;\"><span class=\"wp-block-image is-style-rounded\" style=\"display:inline-block;\"><img decoding=\"async\" src=\"https:\/\/castellscat.cat\/images\/colles\/torrairesdemontblanc__torraires-montblanc.gif\" alt=\"Torraires de Montblanc\" style=\"max-width:60px;height:auto;display:block;\"><\/span><h4 class=\"wp-block-heading\" style=\"margin:0; display:inline-block;\"><a href=\"https:\/\/www.facebook.com\/torrairesdemontblanc\" target=\"_blank\" rel=\"noopener\">Torraires de Montblanc<\/a><\/h4><span style=\"margin-left:0.5rem; font-size:0.9rem;\">Fundada el 1994<\/span><\/header><p style=\"margin:0 0 0.25rem 0; font-size:0.8rem; color:#666;\">Dades extretes de la <a href=\"https:\/\/castellscat.cat\/ca\/les-colles-llistat\" target=\"_blank\" rel=\"noopener\">CCCC<\/a><\/p><div class=\"wp-block-group\" style=\"margin-bottom:0.25rem;\"><p style=\"margin:0 0 0.25rem 0; font-size:0.9rem;\">Color: Grana \u00b7 C. de la Plebania, 10<\/p><\/div><div class=\"wp-block-group\" style=\"display:flex; gap:0.5rem; align-items:center; margin-top:0.25rem;\"><a href=\"https:\/\/twitter.com\/torraires\" target=\"_blank\" rel=\"noopener\"><img decoding=\"async\" src=\"\/..\/castells\/img\/xs_x.png\" alt=\"X\" style=\"width:20px;height:20px;\"><\/a><a href=\"https:\/\/www.instagram.com\/torrairesmontblanc\" target=\"_blank\" rel=\"noopener\"><img decoding=\"async\" src=\"\/..\/castells\/img\/xs_instagram.png\" alt=\"Instagram\" style=\"width:20px;height:20px;\"><\/a><\/div><\/article><\/section><p><div class=\"recursos-actuacio\"><a data-flickr-embed=\"true\" data-header=\"false\" data-footer=\"false\" \n    href=\"https:\/\/www.flickr.com\/photos\/castellersdelleida\/albums\/72157717626741608\" title=\"\"><img loading=\"lazy\" decoding=\"async\" src=\"https:\/\/live.staticflickr.com\/65535\/54921017547_dd071a5217_z.jpg\" width=\"620\" height=\"450\" alt=\"\"\/><\/a>\n    <script async src=\"\/\/embedr.flickr.com\/assets\/client-code.js\" charset=\"utf-8\"><\/script><a data-flickr-embed=\"true\" data-header=\"false\" data-footer=\"false\" \n    href=\"https:\/\/www.flickr.com\/photos\/castellersdelleida\/albums\/72157717626247856\" title=\"\"><img loading=\"lazy\" decoding=\"async\" src=\"https:\/\/live.staticflickr.com\/65535\/54921017547_dd071a5217_z.jpg\" width=\"620\" height=\"450\" alt=\"\"\/><\/a>\n    <script async src=\"\/\/embedr.flickr.com\/assets\/client-code.js\" charset=\"utf-8\"><\/script><\/div>\n\n<\/p>\n","protected":false},"excerpt":{"rendered":"","protected":false},"author":2,"featured_media":0,"parent":0,"menu_order":0,"comment_status":"open","ping_status":"closed","template":"","meta":{"footnotes":""},"class_list":["post-678","page","type-page","status-publish","hentry"],"_links":{"self":[{"href":"https:\/\/undetec.net\/cdl\/wp-json\/wp\/v2\/pages\/678","targetHints":{"allow":["GET"]}}],"collection":[{"href":"https:\/\/undetec.net\/cdl\/wp-json\/wp\/v2\/pages"}],"about":[{"href":"https:\/\/undetec.net\/cdl\/wp-json\/wp\/v2\/types\/page"}],"author":[{"embeddable":true,"href":"https:\/\/undetec.net\/cdl\/wp-json\/wp\/v2\/users\/2"}],"replies":[{"embeddable":true,"href":"https:\/\/undetec.net\/cdl\/wp-json\/wp\/v2\/comments?post=678"}],"version-history":[{"count":1,"href":"https:\/\/undetec.net\/cdl\/wp-json\/wp\/v2\/pages\/678\/revisions"}],"predecessor-version":[{"id":1407,"href":"https:\/\/undetec.net\/cdl\/wp-json\/wp\/v2\/pages\/678\/revisions\/1407"}],"wp:attachment":[{"href":"https:\/\/undetec.net\/cdl\/wp-json\/wp\/v2\/media?parent=678"}],"curies":[{"name":"wp","href":"https:\/\/api.w.org\/{rel}","templated":true}]}}