{"id":744,"date":"2025-11-23T00:30:46","date_gmt":"2025-11-23T00:30:46","guid":{"rendered":"https:\/\/undetec.net\/cdl\/3a-trobada-benavent-de-segria-quatretonada-2004\/"},"modified":"2025-11-23T00:30:46","modified_gmt":"2025-11-23T00:30:46","slug":"3a-trobada-benavent-de-segria-quatretonada-2004","status":"publish","type":"page","link":"https:\/\/undetec.net\/cdl\/3a-trobada-benavent-de-segria-quatretonada-2004\/","title":{"rendered":"3a Trobada Benavent de Segri\u00e0 &#8211; Quatretonada 2004"},"content":{"rendered":"<nav class=\"nav-actuacio\"><a class=\"btn-prev\" href=\"https:\/\/undetec.net\/cdl\/9e-aniversari-castellers-de-lleida-2004\">&lt; 9\u00e8 Aniversari Castellers de Lleida 2004<\/a><a class=\"btn-next\" href=\"https:\/\/undetec.net\/cdl\/agermanament-weingarten-olesa-de-montserrat-2004\">Agermanament Weingarten - Olesa de Montserrat 2004 &gt;<\/a><\/nav><div>\n    <!--<h2>Informaci\u00f3 general<\/h2> -->\n    <p><strong>Pde4, Pde4, 2de6, 4de7, 3de7, Pde4, Pde5, Pde4<\/strong><\/p>\n    <section class=\"altres-direccions\">\n    <article class=\"wp-block-group\" style=\"border:1px solid #ddd; padding:0.75rem; margin-bottom:0.75rem;\">\n    <header style=\"display:flex; align-items:center; gap:0.5rem; flex-wrap:wrap;\">  \n    <span>Benavent de Segri\u00e0 (Carrer Placeta)<\/span>\n    <span>18\/04\/2004 11:00<\/span>\n    <span>\n        <iframe \n            width=\"600\" \n            height=\"250\" \n            style=\"border:0;\" \n            loading=\"lazy\" \n            allowfullscreen \n            referrerpolicy=\"no-referrer-when-downgrade\"\n            src=\"https:\/\/www.google.com\/maps?q=41.69561583831103,0.6328664284368851&hl=ca&z=20&output=embed\">\n        <\/iframe>\n     <\/span>\n   <\/header>\n<\/article>\n<\/section>\n<ul>\n    <li><strong>Rondes:<\/strong> obrir pla\u00e7a [Pde4, Pde4], 1a [2de6], 2a [4de7], 3a [3de7], Pilars comiat [Pde4, Pde5, Pde4]<\/li>\n    <li><strong>Puntuacio:<\/strong> 1180<\/li>    <li><strong>Curt:<\/strong> Trobada Benavent de Segri\u00e0 - Quatretonada<\/li>\n<\/ul>\n<ul class=\"actuacio-caps\"><li class=\"actuacio-cap act-rol-cap-de-colla\"><strong>Cap de colla:<\/strong> Carlos Puig-gr\u00f2s Guitart<\/li><\/ul>\n\n        <h3>Observacions<\/h3>\n         <div style=\"border:1px solid #ddd; padding:0.75rem; margin-bottom:0.75rem;\">\n              Actuaci\u00f3 en l&#039;interior de l&#039;Esgl\u00e9sia        <\/div>\n                <h3>Notes<\/h3>\n         <div style=\"border:1px solid #ddd; padding:0.75rem; margin-bottom:0.75rem;\">\n        Actuaci\u00f3 amb motiu de la trobada de Benavents, tant de gent de pobles que \u00e9s diuen aix\u00ed com de gent que t\u00e9 Benavent com a cognom. El mal temps obliga a fer els castells dins de l&#039;Esglesia.<br \/>\n[Carles Puig-gros]        <\/div>\n    \n\n<\/div><p><div class=\"recursos-actuacio\"><a data-flickr-embed=\"true\" data-header=\"false\" data-footer=\"false\" \n    href=\"https:\/\/www.flickr.com\/photos\/castellersdelleida\/albums\/72157719883769741\" title=\"\"><img loading=\"lazy\" decoding=\"async\" src=\"https:\/\/live.staticflickr.com\/65535\/54921017547_dd071a5217_z.jpg\" width=\"620\" height=\"450\" alt=\"\"\/><\/a>\n    <script async src=\"\/\/embedr.flickr.com\/assets\/client-code.js\" charset=\"utf-8\"><\/script><a data-flickr-embed=\"true\" data-header=\"false\" data-footer=\"false\" \n    href=\"https:\/\/www.flickr.com\/photos\/castellersdelleida\/albums\/72157719883789501\" title=\"\"><img loading=\"lazy\" decoding=\"async\" src=\"https:\/\/live.staticflickr.com\/65535\/54921017547_dd071a5217_z.jpg\" width=\"620\" height=\"450\" alt=\"\"\/><\/a>\n    <script async src=\"\/\/embedr.flickr.com\/assets\/client-code.js\" charset=\"utf-8\"><\/script><\/div>\n\n<\/p>\n","protected":false},"excerpt":{"rendered":"","protected":false},"author":2,"featured_media":0,"parent":0,"menu_order":0,"comment_status":"open","ping_status":"closed","template":"","meta":{"footnotes":""},"class_list":["post-744","page","type-page","status-publish","hentry"],"_links":{"self":[{"href":"https:\/\/undetec.net\/cdl\/wp-json\/wp\/v2\/pages\/744","targetHints":{"allow":["GET"]}}],"collection":[{"href":"https:\/\/undetec.net\/cdl\/wp-json\/wp\/v2\/pages"}],"about":[{"href":"https:\/\/undetec.net\/cdl\/wp-json\/wp\/v2\/types\/page"}],"author":[{"embeddable":true,"href":"https:\/\/undetec.net\/cdl\/wp-json\/wp\/v2\/users\/2"}],"replies":[{"embeddable":true,"href":"https:\/\/undetec.net\/cdl\/wp-json\/wp\/v2\/comments?post=744"}],"version-history":[{"count":0,"href":"https:\/\/undetec.net\/cdl\/wp-json\/wp\/v2\/pages\/744\/revisions"}],"wp:attachment":[{"href":"https:\/\/undetec.net\/cdl\/wp-json\/wp\/v2\/media?parent=744"}],"curies":[{"name":"wp","href":"https:\/\/api.w.org\/{rel}","templated":true}]}}