{"id":753,"date":"2025-11-23T00:30:46","date_gmt":"2025-11-23T00:30:46","guid":{"rendered":"https:\/\/undetec.net\/cdl\/aplec-de-la-sardana-almacelles-2004\/"},"modified":"2025-12-11T08:26:39","modified_gmt":"2025-12-11T08:26:39","slug":"8e-aplec-de-la-sardana-almacelles-2004","status":"publish","type":"page","link":"https:\/\/undetec.net\/cdl\/8e-aplec-de-la-sardana-almacelles-2004\/","title":{"rendered":"8\u00e8 Aplec de la Sardana Almacelles 2004"},"content":{"rendered":"<nav class=\"nav-actuacio\"><a class=\"btn-prev\" href=\"https:\/\/undetec.net\/cdl\/25e-aplec-del-caragol-2004\">&lt; 25\u00e8 Aplec del Caragol 2004<\/a><a class=\"btn-next\" href=\"https:\/\/undetec.net\/cdl\/festes-del-barri-de-cappont-lleida-2004\">Festes del Barri de Cappont - Lleida 2004 &gt;<\/a><\/nav><div>\n    <!--<h2>Informaci\u00f3 general<\/h2> -->\n    <p><strong>Pde4, Pde4, 3de7, 4de7, 2de6, Pde4, Pde5, Pde4<\/strong><\/p>\n    <section class=\"altres-direccions\">\n    <article class=\"wp-block-group\" style=\"border:1px solid #ddd; padding:0.75rem; margin-bottom:0.75rem;\">\n    <header style=\"display:flex; align-items:center; gap:0.5rem; flex-wrap:wrap;\">  \n    <span>Almacelles (Carrer del Canig\u00f3)<\/span>\n    <span>06\/06\/2004 12:30<\/span>\n    <span>\n        <iframe \n            width=\"600\" \n            height=\"250\" \n            style=\"border:0;\" \n            loading=\"lazy\" \n            allowfullscreen \n            referrerpolicy=\"no-referrer-when-downgrade\"\n            src=\"https:\/\/www.google.com\/maps?q=41.73049863137563,0.43461079702142164&hl=ca&z=20&output=embed\">\n        <\/iframe>\n     <\/span>\n   <\/header>\n<\/article>\n<\/section>\n<ul>\n    <li><strong>Rondes:<\/strong> obrir pla\u00e7a [Pde4, Pde4], 1a [3de7], 2a [4de7], 3a [2de6], Pilars comiat [Pde4, Pde5, Pde4]<\/li>\n    <li><strong>Puntuacio:<\/strong> 1180<\/li>    <li><strong>Curt:<\/strong> Aplec de la Sardana Almacelles<\/li>\n<\/ul>\n<ul class=\"actuacio-caps\"><li class=\"actuacio-cap act-rol-cap-de-colla\"><strong>Cap de colla:<\/strong> Carlos Puig-gr\u00f2s Guitart<\/li><\/ul>\n\n        <h3>Observacions<\/h3>\n         <div style=\"border:1px solid #ddd; padding:0.75rem; margin-bottom:0.75rem;\">\n              Actuaci\u00f3 en el recinte de les piscines municipals        <\/div>\n                <h3>Notes<\/h3>\n         <div style=\"border:1px solid #ddd; padding:0.75rem; margin-bottom:0.75rem;\">\n        Amb motiu del VIII Aplec de la Sardana. Al recinte de les piscines.Despla\u00e7ament en vehicles particulars.Trobada a les 12 h. a la Rambla d&#039;Arag\u00f3 davant de la Universitat. Despr\u00e9s de la torre de sis s&#039;ha fet el pilar de cinc. Els dos pilars de quatre simultanis han tancat l&#039;actuaci\u00f3. No s&#039;ha fet el vano de cinc. [Carles Puig-gros]        <\/div>\n    \n\n<h3>Anar a una altre...<\/h3><ul><li><a href=\"https:\/\/undetec.net\/cdl\/11e-aplec-de-la-sardana-almacelles-2007\">11\u00e8 Aplec de la Sardana Almacelles 2007<\/a> <\/li><\/ul><ul><li><a href=\"https:\/\/undetec.net\/cdl\/10e-aplec-de-la-sardana-almacelles-2006\">10\u00e8 Aplec de la Sardana Almacelles 2006<\/a> <\/li><\/ul><ul><li><a href=\"https:\/\/undetec.net\/cdl\/9e-aplec-de-la-sardana-almacelles-2005\">9\u00e8 Aplec de la Sardana Almacelles 2005<\/a> <\/li><\/ul><ul><li>8\u00e8 Aplec de la Sardana Almacelles 2004<\/li><\/ul><\/div><p><div class=\"recursos-actuacio\"><a data-flickr-embed=\"true\" data-header=\"false\" data-footer=\"false\" \n    href=\"https:\/\/www.flickr.com\/photos\/castellersdelleida\/albums\/72157720179276803\" title=\"\"><img loading=\"lazy\" decoding=\"async\" src=\"https:\/\/live.staticflickr.com\/65535\/54921017547_dd071a5217_z.jpg\" width=\"620\" height=\"450\" alt=\"\"\/><\/a>\n    <script async src=\"\/\/embedr.flickr.com\/assets\/client-code.js\" charset=\"utf-8\"><\/script><a data-flickr-embed=\"true\" data-header=\"false\" data-footer=\"false\" \n    href=\"https:\/\/www.flickr.com\/photos\/castellersdelleida\/albums\/72157720184907431\" title=\"\"><img loading=\"lazy\" decoding=\"async\" src=\"https:\/\/live.staticflickr.com\/65535\/54921017547_dd071a5217_z.jpg\" width=\"620\" height=\"450\" alt=\"\"\/><\/a>\n    <script async src=\"\/\/embedr.flickr.com\/assets\/client-code.js\" charset=\"utf-8\"><\/script><a data-flickr-embed=\"true\" data-header=\"false\" data-footer=\"false\" \n    href=\"https:\/\/www.flickr.com\/photos\/castellersdelleida\/albums\/72157720234142620\" title=\"\"><img loading=\"lazy\" decoding=\"async\" src=\"https:\/\/live.staticflickr.com\/65535\/54921017547_dd071a5217_z.jpg\" width=\"620\" height=\"450\" alt=\"\"\/><\/a>\n    <script async src=\"\/\/embedr.flickr.com\/assets\/client-code.js\" charset=\"utf-8\"><\/script><\/div>\n\n<\/p>\n","protected":false},"excerpt":{"rendered":"","protected":false},"author":2,"featured_media":0,"parent":0,"menu_order":0,"comment_status":"open","ping_status":"closed","template":"","meta":{"footnotes":""},"class_list":["post-753","page","type-page","status-publish","hentry"],"_links":{"self":[{"href":"https:\/\/undetec.net\/cdl\/wp-json\/wp\/v2\/pages\/753","targetHints":{"allow":["GET"]}}],"collection":[{"href":"https:\/\/undetec.net\/cdl\/wp-json\/wp\/v2\/pages"}],"about":[{"href":"https:\/\/undetec.net\/cdl\/wp-json\/wp\/v2\/types\/page"}],"author":[{"embeddable":true,"href":"https:\/\/undetec.net\/cdl\/wp-json\/wp\/v2\/users\/2"}],"replies":[{"embeddable":true,"href":"https:\/\/undetec.net\/cdl\/wp-json\/wp\/v2\/comments?post=753"}],"version-history":[{"count":1,"href":"https:\/\/undetec.net\/cdl\/wp-json\/wp\/v2\/pages\/753\/revisions"}],"predecessor-version":[{"id":1402,"href":"https:\/\/undetec.net\/cdl\/wp-json\/wp\/v2\/pages\/753\/revisions\/1402"}],"wp:attachment":[{"href":"https:\/\/undetec.net\/cdl\/wp-json\/wp\/v2\/media?parent=753"}],"curies":[{"name":"wp","href":"https:\/\/api.w.org\/{rel}","templated":true}]}}