{"id":780,"date":"2025-11-23T00:30:46","date_gmt":"2025-11-23T00:30:46","guid":{"rendered":"https:\/\/undetec.net\/cdl\/26e-aplec-del-caragol-2005\/"},"modified":"2025-11-23T00:30:46","modified_gmt":"2025-11-23T00:30:46","slug":"26e-aplec-del-caragol-2005","status":"publish","type":"page","link":"https:\/\/undetec.net\/cdl\/26e-aplec-del-caragol-2005\/","title":{"rendered":"26\u00e8 Aplec del Caragol 2005"},"content":{"rendered":"<nav class=\"nav-actuacio\"><a class=\"btn-prev\" href=\"https:\/\/undetec.net\/cdl\/10a-fira-ecojardi-alpicat-2005\">&lt; 10a Fira Ecojard\u00ed Alpicat 2005<\/a><a class=\"btn-next\" href=\"https:\/\/undetec.net\/cdl\/trobada-del-musicat-algemesi-2005\">Trobada del Musicat Algemes\u00ed 2005 &gt;<\/a><\/nav><div>\n    <!--<h2>Informaci\u00f3 general<\/h2> -->\n    <p><strong>Pde4, Pde4, Pde4, 4de7, 2de7 (C), 3de7, Pde4, Pde5s, Pde4, Pde4<\/strong><\/p>\n    <section class=\"altres-direccions\">\n    <article class=\"wp-block-group\" style=\"border:1px solid #ddd; padding:0.75rem; margin-bottom:0.75rem;\">\n    <header style=\"display:flex; align-items:center; gap:0.5rem; flex-wrap:wrap;\">  \n    <span>Lleida (Camps Elisis)<\/span>\n    <span>21\/05\/2005 19:30<\/span>\n    <span>\n        <iframe \n            width=\"600\" \n            height=\"250\" \n            style=\"border:0;\" \n            loading=\"lazy\" \n            allowfullscreen \n            referrerpolicy=\"no-referrer-when-downgrade\"\n            src=\"https:\/\/www.google.com\/maps?q=41.614289790583804,0.6320407673297758&hl=ca&z=20&output=embed\">\n        <\/iframe>\n     <\/span>\n   <\/header>\n<\/article>\n<\/section>\n<ul>\n    <li><strong>Rondes:<\/strong> obrir pla\u00e7a [Pde4, Pde4, Pde4], 1a [4de7], 2a [2de7 (C)], 3a [3de7], Pilars comiat [Pde4, Pde5s, Pde4], 2a ronda pilars [Pde4]<\/li>\n    <li><strong>Puntuacio:<\/strong> 1735<\/li>    <li><strong>Curt:<\/strong> Aplec del Caragol<\/li>\n<\/ul>\n<ul class=\"actuacio-caps\"><li class=\"actuacio-cap act-rol-cap-de-colla\"><strong>Cap de colla:<\/strong> Jordi Marc\u00f3 Alberti <\/li><\/ul>\n<ul><li>Dos de set: Segona ronda (Carregat). <\/li><\/ul>\n            <h3>Notes<\/h3>\n         <div style=\"border:1px solid #ddd; padding:0.75rem; margin-bottom:0.75rem;\">\n        Amb Sagals d&#039;Osona (1\/4, 4\/7, 3\/7, 2\/6, 1\/5) Despr\u00e9s de l&#039;actuaci\u00f3 hi haur\u00e0 sopar amb caragols al local. Preu: 15 \u20ac. Inscripcions: Jonhatan Llad\u00f3s (Jonhi) []        <\/div>\n    \n\n<h3>Anar a una altre...<\/h3><ul><li><a href=\"https:\/\/undetec.net\/cdl\/45e-aplec-del-caragol-2026\">45\u00e8 Aplec del Caragol 2026<\/a> <\/li><\/ul><ul><li><a href=\"https:\/\/undetec.net\/cdl\/44e-aplec-del-caragol-2025\">44\u00e8 Aplec del Caragol 2025<\/a> <\/li><\/ul><ul><li><a href=\"https:\/\/undetec.net\/cdl\/43e-aplec-del-caragol-2024\">43\u00e8 Aplec del Caragol 2024<\/a> <\/li><\/ul><ul><li><a href=\"https:\/\/undetec.net\/cdl\/41e-aplec-del-caragol-2022\">41\u00e8 Aplec del Caragol 2022<\/a> <\/li><\/ul><ul><li><a href=\"https:\/\/undetec.net\/cdl\/40e-aplec-del-caragol-2019\">40\u00e8 Aplec del Caragol 2019<\/a> <\/li><\/ul><ul><li><a href=\"https:\/\/undetec.net\/cdl\/39e-aplec-del-caragol-2018\">39\u00e8 Aplec del Caragol 2018<\/a> <\/li><\/ul><ul><li><a href=\"https:\/\/undetec.net\/cdl\/38e-aplec-del-caragol-2017\">38\u00e8 Aplec del Caragol 2017<\/a> <\/li><\/ul><ul><li><a href=\"https:\/\/undetec.net\/cdl\/37e-aplec-del-caragol-2016\">37\u00e8 Aplec del Caragol 2016<\/a> <\/li><\/ul><ul><li><a href=\"https:\/\/undetec.net\/cdl\/36e-aplec-del-caragol-2015\">36\u00e8 Aplec del Caragol 2015<\/a> <\/li><\/ul><ul><li><a href=\"https:\/\/undetec.net\/cdl\/35e-aplec-del-caragol-2014\">35\u00e8 Aplec del Caragol 2014<\/a> <\/li><\/ul><ul><li><a href=\"https:\/\/undetec.net\/cdl\/34e-aplec-del-caragol-2013\">34\u00e8 Aplec del Caragol 2013<\/a> <\/li><\/ul><ul><li><a href=\"https:\/\/undetec.net\/cdl\/33e-aplec-del-caragol-2012\">33\u00e8 Aplec del Caragol 2012<\/a> <\/li><\/ul><ul><li><a href=\"https:\/\/undetec.net\/cdl\/32e-aplec-del-caragol-2011\">32\u00e8 Aplec del Caragol 2011<\/a> <\/li><\/ul><ul><li><a href=\"https:\/\/undetec.net\/cdl\/31e-aplec-del-caragol-2010\">31\u00e8 Aplec del Caragol 2010<\/a> <\/li><\/ul><ul><li><a href=\"https:\/\/undetec.net\/cdl\/30e-aplec-del-caragol-2009\">30\u00e8 Aplec del Caragol 2009<\/a> <\/li><\/ul><ul><li><a href=\"https:\/\/undetec.net\/cdl\/29e-aplec-del-caragol-2008\">29\u00e8 Aplec del Caragol 2008<\/a> <\/li><\/ul><ul><li><a href=\"https:\/\/undetec.net\/cdl\/28e-aplec-del-caragol-2007\">28\u00e8 Aplec del Caragol 2007<\/a> <\/li><\/ul><ul><li><a href=\"https:\/\/undetec.net\/cdl\/27e-aplec-del-caragol-2006\">27\u00e8 Aplec del Caragol 2006<\/a> <\/li><\/ul><ul><li>26\u00e8 Aplec del Caragol 2005<\/li><\/ul><ul><li><a href=\"https:\/\/undetec.net\/cdl\/25e-aplec-del-caragol-2004\">25\u00e8 Aplec del Caragol 2004<\/a> <\/li><\/ul><ul><li><a href=\"https:\/\/undetec.net\/cdl\/24e-aplec-del-caragol-2003\">24\u00e8 Aplec del Caragol 2003<\/a> <\/li><\/ul><ul><li><a href=\"https:\/\/undetec.net\/cdl\/23e-aplec-del-caragol-2002\">23\u00e8 Aplec del Caragol 2002<\/a> <\/li><\/ul><ul><li><a href=\"https:\/\/undetec.net\/cdl\/22e-aplec-del-caragol-2001\">22\u00e8 Aplec del Caragol 2001<\/a> <\/li><\/ul><ul><li><a href=\"https:\/\/undetec.net\/cdl\/21e-aplec-del-caragol-2000\">21\u00e8 Aplec del Caragol 2000<\/a> <\/li><\/ul><ul><li><a href=\"https:\/\/undetec.net\/cdl\/20e-aplec-del-caragol-1999\">20\u00e8 Aplec del Caragol 1999<\/a> <\/li><\/ul><ul><li><a href=\"https:\/\/undetec.net\/cdl\/19e-aplec-del-caragol-1998\">19\u00e8 Aplec del Caragol 1998<\/a> <\/li><\/ul><ul><li><a href=\"https:\/\/undetec.net\/cdl\/18e-aplec-del-caragol-1997\">18\u00e8 Aplec del Caragol  1997<\/a> <\/li><\/ul><ul><li><a href=\"https:\/\/undetec.net\/cdl\/17e-aplec-del-caragol-1996\">17\u00e8 Aplec del Caragol 1996<\/a> <\/li><\/ul><\/div><section class=\"altres-colles\"><h3>Altres colles participants<\/h3><article class=\"wp-block-group\" style=\"border:1px solid #ddd; padding:0.75rem; margin-bottom:0.75rem;\"><header style=\"display:flex; align-items:center; gap:0.5rem; flex-wrap:wrap;\"><span class=\"wp-block-image is-style-rounded\" style=\"display:inline-block;\"><img decoding=\"async\" src=\"https:\/\/castellscat.cat\/images\/colles\/sagals__246545_219931658035631_100000563958875_862931_2488494_n.jpg\" alt=\"Sagals d&#039;Osona\" style=\"max-width:60px;height:auto;display:block;\"><\/span><h4 class=\"wp-block-heading\" style=\"margin:0; display:inline-block;\"><a href=\"https:\/\/www.sagals.cat\" target=\"_blank\" rel=\"noopener\">Sagals d&#039;Osona<\/a><\/h4><span style=\"margin-left:0.5rem; font-size:0.9rem;\">Fundada el 1997<\/span><\/header><p style=\"margin:0 0 0.25rem 0; font-size:0.8rem; color:#666;\">Dades extretes de la <a href=\"https:\/\/castellscat.cat\/ca\/les-colles-llistat\" target=\"_blank\" rel=\"noopener\">CCCC<\/a><\/p><div class=\"wp-block-group\" style=\"margin-bottom:0.25rem;\"><p style=\"margin:0 0 0.25rem 0; font-size:0.9rem;\">Color: Carbassa \u00b7 Pla\u00e7a Vicen\u00e7 Albert Ballester, s\/n - Edifici La Central<\/p><\/div><div class=\"wp-block-group\" style=\"display:flex; gap:0.5rem; align-items:center; margin-top:0.25rem;\"><a href=\"https:\/\/twitter.com\/https:\/\/twitter.com\/SagalsdOsona\" target=\"_blank\" rel=\"noopener\"><img decoding=\"async\" src=\"\/..\/castells\/img\/xs_x.png\" alt=\"X\" style=\"width:20px;height:20px;\"><\/a><a href=\"https:\/\/www.instagram.com\/https:\/\/instagram.com\/sagalsdosona\" target=\"_blank\" rel=\"noopener\"><img decoding=\"async\" src=\"\/..\/castells\/img\/xs_instagram.png\" alt=\"Instagram\" style=\"width:20px;height:20px;\"><\/a><\/div><\/article><\/section><p><div class=\"recursos-actuacio\"><a data-flickr-embed=\"true\" data-header=\"false\" data-footer=\"false\" \n    href=\"https:\/\/www.flickr.com\/photos\/castellersdelleida\/albums\/72177720300855974\" title=\"\"><img loading=\"lazy\" decoding=\"async\" src=\"https:\/\/live.staticflickr.com\/65535\/54921017547_dd071a5217_z.jpg\" width=\"620\" height=\"450\" alt=\"\"\/><\/a>\n    <script async src=\"\/\/embedr.flickr.com\/assets\/client-code.js\" charset=\"utf-8\"><\/script><a data-flickr-embed=\"true\" data-header=\"false\" data-footer=\"false\" \n    href=\"https:\/\/www.flickr.com\/photos\/castellersdelleida\/albums\/72177720300849135\" title=\"\"><img loading=\"lazy\" decoding=\"async\" src=\"https:\/\/live.staticflickr.com\/65535\/54921017547_dd071a5217_z.jpg\" width=\"620\" height=\"450\" alt=\"\"\/><\/a>\n    <script async src=\"\/\/embedr.flickr.com\/assets\/client-code.js\" charset=\"utf-8\"><\/script><\/div>\n\n<\/p>\n","protected":false},"excerpt":{"rendered":"","protected":false},"author":2,"featured_media":0,"parent":0,"menu_order":0,"comment_status":"open","ping_status":"closed","template":"","meta":{"footnotes":""},"class_list":["post-780","page","type-page","status-publish","hentry"],"_links":{"self":[{"href":"https:\/\/undetec.net\/cdl\/wp-json\/wp\/v2\/pages\/780","targetHints":{"allow":["GET"]}}],"collection":[{"href":"https:\/\/undetec.net\/cdl\/wp-json\/wp\/v2\/pages"}],"about":[{"href":"https:\/\/undetec.net\/cdl\/wp-json\/wp\/v2\/types\/page"}],"author":[{"embeddable":true,"href":"https:\/\/undetec.net\/cdl\/wp-json\/wp\/v2\/users\/2"}],"replies":[{"embeddable":true,"href":"https:\/\/undetec.net\/cdl\/wp-json\/wp\/v2\/comments?post=780"}],"version-history":[{"count":0,"href":"https:\/\/undetec.net\/cdl\/wp-json\/wp\/v2\/pages\/780\/revisions"}],"wp:attachment":[{"href":"https:\/\/undetec.net\/cdl\/wp-json\/wp\/v2\/media?parent=780"}],"curies":[{"name":"wp","href":"https:\/\/api.w.org\/{rel}","templated":true}]}}