{"id":781,"date":"2025-11-23T00:30:46","date_gmt":"2025-11-23T00:30:46","guid":{"rendered":"https:\/\/undetec.net\/cdl\/trobada-del-musicat-algemesi-2005\/"},"modified":"2025-11-23T00:30:46","modified_gmt":"2025-11-23T00:30:46","slug":"trobada-del-musicat-algemesi-2005","status":"publish","type":"page","link":"https:\/\/undetec.net\/cdl\/trobada-del-musicat-algemesi-2005\/","title":{"rendered":"Trobada del Musicat Algemes\u00ed 2005"},"content":{"rendered":"<nav class=\"nav-actuacio\"><a class=\"btn-prev\" href=\"https:\/\/undetec.net\/cdl\/26e-aplec-del-caragol-2005\">&lt; 26\u00e8 Aplec del Caragol 2005<\/a><a class=\"btn-next\" href=\"https:\/\/undetec.net\/cdl\/homenatge-sr-gausi-ex-president-de-la-ue-lleida-lleida-barca-2005\">Homenatge Sr. Gaus\u00ed, Ex President de la UE Lleida Lleida - Bar\u00e7a 2005 &gt;<\/a><\/nav><div>\n    <!--<h2>Informaci\u00f3 general<\/h2> -->\n    <p><strong>Pde4cam, 3de7, 4de7, 2de6, Pde4, Pde5, Pde4<\/strong><\/p>\n    <section class=\"altres-direccions\">\n    <article class=\"wp-block-group\" style=\"border:1px solid #ddd; padding:0.75rem; margin-bottom:0.75rem;\">\n    <header style=\"display:flex; align-items:center; gap:0.5rem; flex-wrap:wrap;\">  \n    <span>Algemes\u00ed (Comunitat Valenciana) (Pla\u00e7a Major)<\/span>\n    <span>28\/05\/2005 20:00<\/span>\n    <span>\n        <iframe \n            width=\"600\" \n            height=\"250\" \n            style=\"border:0;\" \n            loading=\"lazy\" \n            allowfullscreen \n            referrerpolicy=\"no-referrer-when-downgrade\"\n            src=\"https:\/\/www.google.com\/maps?q=39.18899633520253,-0.4368203339250705&hl=ca&z=20&output=embed\">\n        <\/iframe>\n     <\/span>\n   <\/header>\n<\/article>\n<\/section>\n<ul>\n    <li><strong>Rondes:<\/strong> obrir pla\u00e7a [Pde4cam], 1a [3de7], 2a [4de7], 3a [2de6], Pilars comiat [Pde4, Pde5, Pde4]<\/li>\n    <li><strong>Puntuacio:<\/strong> 1180<\/li>    <li><strong>Curt:<\/strong> Trobada del Musicat Algemes\u00ed<\/li>\n<\/ul>\n<ul class=\"actuacio-caps\"><li class=\"actuacio-cap act-rol-cap-de-colla\"><strong>Cap de colla:<\/strong> Jordi Marc\u00f3 Alberti <\/li><\/ul>\n\n        <h3>Observacions<\/h3>\n         <div style=\"border:1px solid #ddd; padding:0.75rem; margin-bottom:0.75rem;\">\n              Trobada de Muixerangues        <\/div>\n                <h3>Notes<\/h3>\n         <div style=\"border:1px solid #ddd; padding:0.75rem; margin-bottom:0.75rem;\">\n        Amb La Muixeranga d&#039;Algemes\u00ed Sortida dels autocars a dos quarts de tres de la tarda de la Rambla d&#039;Arag\u00f3, davant de l&#039;edifici del rectorat de la UdL. Pernoctaci\u00f3 a l&#039;Hotel Bartos(****) d&#039;Almussafes. Diumenge al mat\u00ed visita a la ciutat de Val\u00e8ncia i dinar a Torreblanca (La Plana Alta). Preu del viatge 15 \u20ac. Inscripcions a l&#039;Angels Marc\u00f3. Figures fetes pels altres participants a la trobada: FALCONS DE BARCELONA:Les Olles (87), Escala de 7, Lleons, La Pira 4-3, Planxes, 2 Escales de 5 amb un pilar de tres al mig, Molinet, La Serra, 1\/4, 1\/4 germanor amb la Nova Muixeranga NOVA MUIXERANGA D&#039;ALGEMES\u00cd: Xapera (4,3,2,1,1), La trobada (4,4,2,1,1), L&#039;aranya, Pi de 4 ps,1\/4 de germanor amb Falcons de Barcelona. MUIXERANGA D&#039;ALGEMES\u00cd: Pi de 4 i dos pins de dos caminant, Alta de 6 (6,6,4,2,1,1), 2 Alta de 5 (6,6,4,1,1), La tomasina (8,4,2,1,1), La Morera i 2 pins de 4 [visitant]        <\/div>\n    \n\n<\/div><section class=\"altres-colles\"><h3>Altres colles participants<\/h3><article class=\"wp-block-group\" style=\"border:1px solid #ddd; padding:0.75rem; margin-bottom:0.75rem;\"><header style=\"display:flex; align-items:center; gap:0.5rem; flex-wrap:wrap;\"><h4 class=\"wp-block-heading\" style=\"margin:0; display:inline-block;\">Falcons Algemes\u00ed<\/h4><span style=\"margin-left:0.5rem; font-size:0.9rem;\">Fundada el 0<\/span><\/header><div class=\"wp-block-group\" style=\"margin-bottom:0.25rem;\"><\/div><\/article><article class=\"wp-block-group\" style=\"border:1px solid #ddd; padding:0.75rem; margin-bottom:0.75rem;\"><header style=\"display:flex; align-items:center; gap:0.5rem; flex-wrap:wrap;\"><h4 class=\"wp-block-heading\" style=\"margin:0; display:inline-block;\">Muixeranga d&#039;Algemes\u00ed<\/h4><span style=\"margin-left:0.5rem; font-size:0.9rem;\">Fundada el 0<\/span><\/header><div class=\"wp-block-group\" style=\"margin-bottom:0.25rem;\"><\/div><\/article><\/section><p><div class=\"recursos-actuacio\"><a data-flickr-embed=\"true\" data-header=\"false\" data-footer=\"false\" \n    href=\"https:\/\/www.flickr.com\/photos\/castellersdelleida\/albums\/72177720300903542\" title=\"\"><img loading=\"lazy\" decoding=\"async\" src=\"https:\/\/live.staticflickr.com\/65535\/54921017547_dd071a5217_z.jpg\" width=\"620\" height=\"450\" alt=\"\"\/><\/a>\n    <script async src=\"\/\/embedr.flickr.com\/assets\/client-code.js\" charset=\"utf-8\"><\/script><a data-flickr-embed=\"true\" data-header=\"false\" data-footer=\"false\" \n    href=\"https:\/\/www.flickr.com\/photos\/castellersdelleida\/albums\/72177720300912728\" title=\"\"><img loading=\"lazy\" decoding=\"async\" src=\"https:\/\/live.staticflickr.com\/65535\/54921017547_dd071a5217_z.jpg\" width=\"620\" height=\"450\" alt=\"\"\/><\/a>\n    <script async src=\"\/\/embedr.flickr.com\/assets\/client-code.js\" charset=\"utf-8\"><\/script><a data-flickr-embed=\"true\" data-header=\"false\" data-footer=\"false\" \n    href=\"https:\/\/www.flickr.com\/photos\/castellersdelleida\/albums\/72177720300903627\" title=\"\"><img loading=\"lazy\" decoding=\"async\" src=\"https:\/\/live.staticflickr.com\/65535\/54921017547_dd071a5217_z.jpg\" width=\"620\" height=\"450\" alt=\"\"\/><\/a>\n    <script async src=\"\/\/embedr.flickr.com\/assets\/client-code.js\" charset=\"utf-8\"><\/script><\/div>\n\n<\/p>\n","protected":false},"excerpt":{"rendered":"","protected":false},"author":2,"featured_media":0,"parent":0,"menu_order":0,"comment_status":"open","ping_status":"closed","template":"","meta":{"footnotes":""},"class_list":["post-781","page","type-page","status-publish","hentry"],"_links":{"self":[{"href":"https:\/\/undetec.net\/cdl\/wp-json\/wp\/v2\/pages\/781","targetHints":{"allow":["GET"]}}],"collection":[{"href":"https:\/\/undetec.net\/cdl\/wp-json\/wp\/v2\/pages"}],"about":[{"href":"https:\/\/undetec.net\/cdl\/wp-json\/wp\/v2\/types\/page"}],"author":[{"embeddable":true,"href":"https:\/\/undetec.net\/cdl\/wp-json\/wp\/v2\/users\/2"}],"replies":[{"embeddable":true,"href":"https:\/\/undetec.net\/cdl\/wp-json\/wp\/v2\/comments?post=781"}],"version-history":[{"count":0,"href":"https:\/\/undetec.net\/cdl\/wp-json\/wp\/v2\/pages\/781\/revisions"}],"wp:attachment":[{"href":"https:\/\/undetec.net\/cdl\/wp-json\/wp\/v2\/media?parent=781"}],"curies":[{"name":"wp","href":"https:\/\/api.w.org\/{rel}","templated":true}]}}