{"id":798,"date":"2025-11-23T00:30:46","date_gmt":"2025-11-23T00:30:46","guid":{"rendered":"https:\/\/undetec.net\/cdl\/festa-major-molins-de-reis-2005\/"},"modified":"2026-01-05T15:18:43","modified_gmt":"2026-01-05T15:18:43","slug":"festa-major-de-molins-de-rei-2005","status":"publish","type":"page","link":"https:\/\/undetec.net\/cdl\/festa-major-de-molins-de-rei-2005\/","title":{"rendered":"Festa Major de Molins de Rei 2005"},"content":{"rendered":"<nav class=\"nav-actuacio\"><a class=\"btn-prev\" href=\"https:\/\/undetec.net\/cdl\/7a-trobada-de-colles-de-leix-transversal-a-vic-2005\">&lt; 7a Trobada de Colles de l&#039;Eix Transversal a Vic 2005<\/a><a class=\"btn-next\" href=\"https:\/\/undetec.net\/cdl\/festa-major-de-sant-miquel-2005\">Festa Major de Sant Miquel 2005 &gt;<\/a><\/nav><div>\n    <!--<h2>Informaci\u00f3 general<\/h2> -->\n    <p><strong>Pde4, Pde4, 4de7, 3de7, 2de6, Pde4, Pde5, Pde4<\/strong><\/p>\n    <section class=\"altres-direccions\">\n    <article class=\"wp-block-group\" style=\"border:1px solid #ddd; padding:0.75rem; margin-bottom:0.75rem;\">\n    <header style=\"display:flex; align-items:center; gap:0.5rem; flex-wrap:wrap;\">  \n    <span>Molins de Rei (Passeig de Pi i Maragall)<\/span>\n    <span>25\/09\/2005 12:00<\/span>\n    <span>\n        <iframe \n            width=\"600\" \n            height=\"250\" \n            style=\"border:0;\" \n            loading=\"lazy\" \n            allowfullscreen \n            referrerpolicy=\"no-referrer-when-downgrade\"\n            src=\"https:\/\/www.google.com\/maps?q=41.40851647603469,2.0187927184142986&hl=ca&z=20&output=embed\">\n        <\/iframe>\n     <\/span>\n   <\/header>\n<\/article>\n<\/section>\n<ul>\n    <li><strong>Rondes:<\/strong> obrir pla\u00e7a [Pde4, Pde4], 1a [4de7], 2a [3de7], 3a [2de6], Pilars comiat [Pde4, Pde5, Pde4]<\/li>\n    <li><strong>Puntuacio:<\/strong> 1180<\/li>    <li><strong>Curt:<\/strong> Festa Major de Molins de Rei<\/li>\n<\/ul>\n<ul class=\"actuacio-caps\"><li class=\"actuacio-cap act-rol-cap-de-colla\"><strong>Cap de colla:<\/strong> Jordi Marc\u00f3 Alberti <\/li><\/ul>\n\n            <h3>Notes<\/h3>\n         <div style=\"border:1px solid #ddd; padding:0.75rem; margin-bottom:0.75rem;\">\n        L&#039;actuaci\u00f3 ser\u00e0 a la Pla\u00e7a de la Creu. Despr\u00e9s hi haur\u00e0 dinar al pati de Can Ametller Amb Matossers de Molins de Rei (1\/4, 2\/6, 3\/7Id, 5\/6, 4\/6a, 1\/5) i Castellers d&#039;Esparreguera. (1\/4, 3\/7, 4\/7, 5\/6, 1\/5) Sortida dels autocars a les 10:00 hores de la Rambla d&#039;Arag\u00f3 davant de l&#039;edifici del rectorat de la UdL. Viatge directe sense cap parada. []        <\/div>\n    \n\n<h3>Anar a una altre...<\/h3><ul><li>Festa Major de Molins de Rei 2005<\/li><\/ul><ul><li><a href=\"https:\/\/undetec.net\/cdl\/festa-major-de-molins-de-rei-2001\">Festa Major de Molins de Rei 2001<\/a> <\/li><\/ul><\/div><section class=\"altres-colles\"><h3>Altres colles participants<\/h3><article class=\"wp-block-group\" style=\"border:1px solid #ddd; padding:0.75rem; margin-bottom:0.75rem;\"><header style=\"display:flex; align-items:center; gap:0.5rem; flex-wrap:wrap;\"><span class=\"wp-block-image is-style-rounded\" style=\"display:inline-block;\"><img decoding=\"async\" src=\"https:\/\/castellscat.cat\/images\/colles\/castellersdesparraguera__castellers-esparreguera.gif\" alt=\"Castellers d&#039;Esparreguera\" style=\"max-width:60px;height:auto;display:block;\"><\/span><h4 class=\"wp-block-heading\" style=\"margin:0; display:inline-block;\"><a href=\"https:\/\/www.castellersdesparreguera.cat\" target=\"_blank\" rel=\"noopener\">Castellers d&#039;Esparreguera<\/a><\/h4><span style=\"margin-left:0.5rem; font-size:0.9rem;\">Fundada el 1994<\/span><\/header><p style=\"margin:0 0 0.25rem 0; font-size:0.8rem; color:#666;\">Dades extretes de la <a href=\"https:\/\/castellscat.cat\/ca\/les-colles-llistat\" target=\"_blank\" rel=\"noopener\">CCCC<\/a><\/p><div class=\"wp-block-group\" style=\"margin-bottom:0.25rem;\"><p style=\"margin:0 0 0.25rem 0; font-size:0.9rem;\">Color: Bordeus \u00b7 C\/ Llobregat, 2<\/p><\/div><div class=\"wp-block-group\" style=\"display:flex; gap:0.5rem; align-items:center; margin-top:0.25rem;\"><a href=\"https:\/\/twitter.com\/collabordeus\" target=\"_blank\" rel=\"noopener\"><img decoding=\"async\" src=\"\/..\/castells\/img\/xs_x.png\" alt=\"X\" style=\"width:20px;height:20px;\"><\/a><a href=\"https:\/\/www.instagram.com\/collabordeus\" target=\"_blank\" rel=\"noopener\"><img decoding=\"async\" src=\"\/..\/castells\/img\/xs_instagram.png\" alt=\"Instagram\" style=\"width:20px;height:20px;\"><\/a><\/div><\/article><article class=\"wp-block-group\" style=\"border:1px solid #ddd; padding:0.75rem; margin-bottom:0.75rem;\"><header style=\"display:flex; align-items:center; gap:0.5rem; flex-wrap:wrap;\"><span class=\"wp-block-image is-style-rounded\" style=\"display:inline-block;\"><img decoding=\"async\" src=\"https:\/\/castellscat.cat\/images\/colles\/matossers__logo%2021x21%20cm.gif\" alt=\"Matossers de Molins de Rei\" style=\"max-width:60px;height:auto;display:block;\"><\/span><h4 class=\"wp-block-heading\" style=\"margin:0; display:inline-block;\"><a href=\"https:\/\/matossers.cat\/\" target=\"_blank\" rel=\"noopener\">Matossers de Molins de Rei<\/a><\/h4><span style=\"margin-left:0.5rem; font-size:0.9rem;\">Fundada el 2002<\/span><\/header><p style=\"margin:0 0 0.25rem 0; font-size:0.8rem; color:#666;\">Dades extretes de la <a href=\"https:\/\/castellscat.cat\/ca\/les-colles-llistat\" target=\"_blank\" rel=\"noopener\">CCCC<\/a><\/p><div class=\"wp-block-group\" style=\"margin-bottom:0.25rem;\"><p style=\"margin:0 0 0.25rem 0; font-size:0.9rem;\">Color: marr\u00f3 argila \u00b7 Jacint Verdaguer, 48 (Federaci\u00f3 Obrera)<\/p><\/div><div class=\"wp-block-group\" style=\"display:flex; gap:0.5rem; align-items:center; margin-top:0.25rem;\"><a href=\"https:\/\/twitter.com\/matossers\" target=\"_blank\" rel=\"noopener\"><img decoding=\"async\" src=\"\/..\/castells\/img\/xs_x.png\" alt=\"X\" style=\"width:20px;height:20px;\"><\/a><a href=\"https:\/\/www.instagram.com\/matossers\" target=\"_blank\" rel=\"noopener\"><img decoding=\"async\" src=\"\/..\/castells\/img\/xs_instagram.png\" alt=\"Instagram\" style=\"width:20px;height:20px;\"><\/a><\/div><\/article><\/section><p><div class=\"recursos-actuacio\"><a data-flickr-embed=\"true\" data-header=\"false\" data-footer=\"false\" \n    href=\"https:\/\/www.flickr.com\/photos\/castellersdelleida\/albums\/72177720302255719\" title=\"\"><img loading=\"lazy\" decoding=\"async\" src=\"https:\/\/live.staticflickr.com\/65535\/54921017547_dd071a5217_z.jpg\" width=\"620\" height=\"450\" alt=\"\"\/><\/a>\n    <script async src=\"\/\/embedr.flickr.com\/assets\/client-code.js\" charset=\"utf-8\"><\/script><a data-flickr-embed=\"true\" data-header=\"false\" data-footer=\"false\" \n    href=\"https:\/\/www.flickr.com\/photos\/castellersdelleida\/albums\/72177720302247231\" title=\"\"><img loading=\"lazy\" decoding=\"async\" src=\"https:\/\/live.staticflickr.com\/65535\/54921017547_dd071a5217_z.jpg\" width=\"620\" height=\"450\" alt=\"\"\/><\/a>\n    <script async src=\"\/\/embedr.flickr.com\/assets\/client-code.js\" charset=\"utf-8\"><\/script><\/div>\n\n<\/p>\n","protected":false},"excerpt":{"rendered":"","protected":false},"author":2,"featured_media":0,"parent":0,"menu_order":0,"comment_status":"open","ping_status":"closed","template":"","meta":{"footnotes":""},"class_list":["post-798","page","type-page","status-publish","hentry"],"_links":{"self":[{"href":"https:\/\/undetec.net\/cdl\/wp-json\/wp\/v2\/pages\/798","targetHints":{"allow":["GET"]}}],"collection":[{"href":"https:\/\/undetec.net\/cdl\/wp-json\/wp\/v2\/pages"}],"about":[{"href":"https:\/\/undetec.net\/cdl\/wp-json\/wp\/v2\/types\/page"}],"author":[{"embeddable":true,"href":"https:\/\/undetec.net\/cdl\/wp-json\/wp\/v2\/users\/2"}],"replies":[{"embeddable":true,"href":"https:\/\/undetec.net\/cdl\/wp-json\/wp\/v2\/comments?post=798"}],"version-history":[{"count":2,"href":"https:\/\/undetec.net\/cdl\/wp-json\/wp\/v2\/pages\/798\/revisions"}],"predecessor-version":[{"id":1857,"href":"https:\/\/undetec.net\/cdl\/wp-json\/wp\/v2\/pages\/798\/revisions\/1857"}],"wp:attachment":[{"href":"https:\/\/undetec.net\/cdl\/wp-json\/wp\/v2\/media?parent=798"}],"curies":[{"name":"wp","href":"https:\/\/api.w.org\/{rel}","templated":true}]}}