{"id":801,"date":"2025-11-23T00:30:46","date_gmt":"2025-11-23T00:30:46","guid":{"rendered":"https:\/\/undetec.net\/cdl\/festa-major-albatarrec-2005\/"},"modified":"2026-01-05T15:18:43","modified_gmt":"2026-01-05T15:18:43","slug":"festa-major-dalbatarrec-2005","status":"publish","type":"page","link":"https:\/\/undetec.net\/cdl\/festa-major-dalbatarrec-2005\/","title":{"rendered":"Festa Major d&#8217;Albat\u00e0rrec 2005"},"content":{"rendered":"<nav class=\"nav-actuacio\"><a class=\"btn-prev\" href=\"https:\/\/undetec.net\/cdl\/festa-major-de-sant-feliu-de-llobregat-2005\">&lt; Festa Major de Sant Feliu de Llobregat 2005<\/a><a class=\"btn-next\" href=\"https:\/\/undetec.net\/cdl\/sentim-la-seu-vella-2005\">Sentim la Seu Vella 2005 &gt;<\/a><\/nav><div>\n    <!--<h2>Informaci\u00f3 general<\/h2> -->\n    <p><strong>Pde4s, Pde4, 5de7, 4de7ag, 3de7, Pde5, Pde5<\/strong><\/p>\n    <section class=\"altres-direccions\">\n    <article class=\"wp-block-group\" style=\"border:1px solid #ddd; padding:0.75rem; margin-bottom:0.75rem;\">\n    <header style=\"display:flex; align-items:center; gap:0.5rem; flex-wrap:wrap;\">  \n    <span>Albat\u00e0rrec (Pla\u00e7a Sant Salvador)<\/span>\n    <span>12\/10\/2005 12:30<\/span>\n    <span>\n        <iframe \n            width=\"600\" \n            height=\"250\" \n            style=\"border:0;\" \n            loading=\"lazy\" \n            allowfullscreen \n            referrerpolicy=\"no-referrer-when-downgrade\"\n            src=\"https:\/\/www.google.com\/maps?q=41.573277669206604,0.6041367328964707&hl=ca&z=20&output=embed\">\n        <\/iframe>\n     <\/span>\n   <\/header>\n<\/article>\n<\/section>\n<ul>\n    <li><strong>Rondes:<\/strong> obrir pla\u00e7a [Pde4, Pde4s], 1a [5de7], 2a [4de7ag], 3a [3de7], Pilars comiat [Pde5, Pde5]<\/li>\n    <li><strong>Puntuacio:<\/strong> 1800<\/li>    <li><strong>Curt:<\/strong> Festa Major d&#039;Albat\u00e0rrec<\/li>\n<\/ul>\n<ul class=\"actuacio-caps\"><li class=\"actuacio-cap act-rol-cap-de-colla\"><strong>Cap de colla:<\/strong> Jordi Marc\u00f3 Alberti <\/li><\/ul>\n\n            <h3>Notes<\/h3>\n         <div style=\"border:1px solid #ddd; padding:0.75rem; margin-bottom:0.75rem;\">\n        Sortida amb cotxes particulars a les 12:00 de la Rambla d&#039;Arag\u00f3 davant de l&#039;edifici del rectorat de la UdL. Despr\u00e9s del 5 de 7 l&#039;actuaci\u00f3 s&#039;ha traslladat al Casal a causa de la pluja. Els dos pilars de cinc que han tancat l&#039;actuaci\u00f3 s&#039;han fet simult\u00e0niament. [visitant]        <\/div>\n    \n\n<h3>Anar a una altre...<\/h3><ul><li><a href=\"https:\/\/undetec.net\/cdl\/festa-major-dalbatarrec-2013\">Festa Major d&#039;Albat\u00e0rrec 2013<\/a> <\/li><\/ul><ul><li><a href=\"https:\/\/undetec.net\/cdl\/festa-major-dalbatarrec-2006\">Festa Major d&#039;Albat\u00e0rrec 2006<\/a> <\/li><\/ul><ul><li>Festa Major d'Albat\u00e0rrec 2005<\/li><\/ul><ul><li><a href=\"https:\/\/undetec.net\/cdl\/festa-major-dalbatarrec-2000\">Festa Major d&#039;Albat\u00e0rrec 2000<\/a> <\/li><\/ul><\/div><p><div class=\"recursos-actuacio\"><a data-flickr-embed=\"true\" data-header=\"false\" data-footer=\"false\" \n    href=\"https:\/\/www.flickr.com\/photos\/castellersdelleida\/albums\/72177720302724956\" title=\"\"><img loading=\"lazy\" decoding=\"async\" src=\"https:\/\/live.staticflickr.com\/65535\/54921017547_dd071a5217_z.jpg\" width=\"620\" height=\"450\" alt=\"\"\/><\/a>\n    <script async src=\"\/\/embedr.flickr.com\/assets\/client-code.js\" charset=\"utf-8\"><\/script><a data-flickr-embed=\"true\" data-header=\"false\" data-footer=\"false\" \n    href=\"https:\/\/www.flickr.com\/photos\/castellersdelleida\/albums\/72177720302721085\" title=\"\"><img loading=\"lazy\" decoding=\"async\" src=\"https:\/\/live.staticflickr.com\/65535\/54921017547_dd071a5217_z.jpg\" width=\"620\" height=\"450\" alt=\"\"\/><\/a>\n    <script async src=\"\/\/embedr.flickr.com\/assets\/client-code.js\" charset=\"utf-8\"><\/script><\/div>\n\n<\/p>\n","protected":false},"excerpt":{"rendered":"","protected":false},"author":2,"featured_media":0,"parent":0,"menu_order":0,"comment_status":"open","ping_status":"closed","template":"","meta":{"footnotes":""},"class_list":["post-801","page","type-page","status-publish","hentry"],"_links":{"self":[{"href":"https:\/\/undetec.net\/cdl\/wp-json\/wp\/v2\/pages\/801","targetHints":{"allow":["GET"]}}],"collection":[{"href":"https:\/\/undetec.net\/cdl\/wp-json\/wp\/v2\/pages"}],"about":[{"href":"https:\/\/undetec.net\/cdl\/wp-json\/wp\/v2\/types\/page"}],"author":[{"embeddable":true,"href":"https:\/\/undetec.net\/cdl\/wp-json\/wp\/v2\/users\/2"}],"replies":[{"embeddable":true,"href":"https:\/\/undetec.net\/cdl\/wp-json\/wp\/v2\/comments?post=801"}],"version-history":[{"count":1,"href":"https:\/\/undetec.net\/cdl\/wp-json\/wp\/v2\/pages\/801\/revisions"}],"predecessor-version":[{"id":1858,"href":"https:\/\/undetec.net\/cdl\/wp-json\/wp\/v2\/pages\/801\/revisions\/1858"}],"wp:attachment":[{"href":"https:\/\/undetec.net\/cdl\/wp-json\/wp\/v2\/media?parent=801"}],"curies":[{"name":"wp","href":"https:\/\/api.w.org\/{rel}","templated":true}]}}