{"id":852,"date":"2025-11-23T00:30:47","date_gmt":"2025-11-23T00:30:47","guid":{"rendered":"https:\/\/undetec.net\/cdl\/festa-major-del-barri-balafia-lleida-2007\/"},"modified":"2025-12-13T18:45:55","modified_gmt":"2025-12-13T18:45:55","slug":"festes-del-barri-de-balafia-lleida-2007","status":"publish","type":"page","link":"https:\/\/undetec.net\/cdl\/festes-del-barri-de-balafia-lleida-2007\/","title":{"rendered":"Festes del Barri de Bal\u00e0fia &#8211; Lleida 2007"},"content":{"rendered":"<nav class=\"nav-actuacio\"><a class=\"btn-prev\" href=\"https:\/\/undetec.net\/cdl\/festa-major-de-la-seu-durgell-2007\">&lt; Festa Major de la Seu d&#039;Urgell 2007<\/a><a class=\"btn-next\" href=\"https:\/\/undetec.net\/cdl\/festa-major-dagramunt-2007\">Festa Major d&#039;Agramunt 2007 &gt;<\/a><\/nav><div>\n    <!--<h2>Informaci\u00f3 general<\/h2> -->\n    <p><strong>Pde4, Pde4, 4de7, 3de7, 4de7ag, Pde4, Pde5, Pde4<\/strong><\/p>\n    <section class=\"altres-direccions\">\n    <article class=\"wp-block-group\" style=\"border:1px solid #ddd; padding:0.75rem; margin-bottom:0.75rem;\">\n    <header style=\"display:flex; align-items:center; gap:0.5rem; flex-wrap:wrap;\">  \n    <span>Lleida (Pla\u00e7a de les Magn\u00f2lies)<\/span>\n    <span>26\/08\/2007 18:00<\/span>\n    <span>\n        <iframe \n            width=\"600\" \n            height=\"250\" \n            style=\"border:0;\" \n            loading=\"lazy\" \n            allowfullscreen \n            referrerpolicy=\"no-referrer-when-downgrade\"\n            src=\"https:\/\/www.google.com\/maps?q=41.62914456293607,0.6238993205187672&hl=ca&z=20&output=embed\">\n        <\/iframe>\n     <\/span>\n   <\/header>\n<\/article>\n<\/section>\n<ul>\n    <li><strong>Rondes:<\/strong> obrir pla\u00e7a [Pde4, Pde4], 1a [4de7], 2a [3de7], 3a [4de7ag], Pilars comiat [Pde4, Pde5, Pde4]<\/li>\n    <li><strong>Puntuacio:<\/strong> 1395<\/li>    <li><strong>Curt:<\/strong> Festes del Barri de Bal\u00e0fia - Lleida<\/li>\n<\/ul>\n<ul class=\"actuacio-caps\"><li class=\"actuacio-cap act-rol-cap-de-colla\"><strong>Cap de colla:<\/strong> Ruben Rosell Urtxulutegui <\/li><\/ul>\n<ul><li>Pilar de quatre: Obrir Pla\u00e7a . Pla\u00e7a de les Magn\u00f2lies<\/li><\/ul>\n    \n\n<h3>Anar a una altre...<\/h3><ul><li><a href=\"https:\/\/undetec.net\/cdl\/festes-del-barri-de-balafia-lleida-2010\">Festes del Barri de Bal\u00e0fia - Lleida 2010<\/a> <\/li><\/ul><ul><li><a href=\"https:\/\/undetec.net\/cdl\/festes-del-barri-de-balafia-lleida-2009\">Festes del Barri de Bal\u00e0fia - Lleida 2009<\/a> <\/li><\/ul><ul><li><a href=\"https:\/\/undetec.net\/cdl\/festes-del-barri-de-balafia-lleida-2008\">Festes del Barri de Bal\u00e0fia - Lleida 2008<\/a> <\/li><\/ul><ul><li>Festes del Barri de Bal\u00e0fia - Lleida 2007<\/li><\/ul><ul><li><a href=\"https:\/\/undetec.net\/cdl\/festes-del-barri-de-balafia-lleida-2005\">Festes del Barri de Bal\u00e0fia - Lleida 2005<\/a> <\/li><\/ul><ul><li><a href=\"https:\/\/undetec.net\/cdl\/festes-del-barri-de-balafia-lleida-2004\">Festes del Barri de Bal\u00e0fia - Lleida 2004<\/a> <\/li><\/ul><ul><li><a href=\"https:\/\/undetec.net\/cdl\/festes-del-barri-de-balafia-lleida-2003\">Festes del Barri de Bal\u00e0fia - Lleida 2003<\/a> <\/li><\/ul><ul><li><a href=\"https:\/\/undetec.net\/cdl\/festes-del-barri-de-balafia-lleida-2002\">Festes del Barri de Bal\u00e0fia - Lleida 2002<\/a> <\/li><\/ul><ul><li><a href=\"https:\/\/undetec.net\/cdl\/festes-del-barri-de-balafia-lleida-2001\">Festes del Barri de Bal\u00e0fia - Lleida 2001<\/a> <\/li><\/ul><ul><li><a href=\"https:\/\/undetec.net\/cdl\/festes-del-barri-de-balafia-lleida-2000\">Festes del Barri de Bal\u00e0fia - Lleida 2000<\/a> <\/li><\/ul><ul><li><a href=\"https:\/\/undetec.net\/cdl\/festes-del-barri-de-balafia-lleida-1999\">Festes del Barri de Bal\u00e0fia - Lleida 1999<\/a> <\/li><\/ul><ul><li><a href=\"https:\/\/undetec.net\/cdl\/festes-del-barri-de-balafia-lleida-1998\">Festes del Barri de Bal\u00e0fia - Lleida 1998<\/a> <\/li><\/ul><ul><li><a href=\"https:\/\/undetec.net\/cdl\/festes-del-barri-de-balafia-lleida-1997\">Festes del Barri de Bal\u00e1fia - Lleida 1997<\/a> <\/li><\/ul><ul><li><a href=\"https:\/\/undetec.net\/cdl\/festes-del-barri-de-balafia-lleida-1996\">Festes del Barri de Bal\u00e0fia - Lleida 1996<\/a> <\/li><\/ul><\/div><p><div class=\"recursos-actuacio\"><a data-flickr-embed=\"true\" data-header=\"false\" data-footer=\"false\" \n    href=\"https:\/\/www.flickr.com\/photos\/castellersdelleida\/albums\/72177720319291521\" title=\"\"><img loading=\"lazy\" decoding=\"async\" src=\"https:\/\/live.staticflickr.com\/65535\/54921017547_dd071a5217_z.jpg\" width=\"620\" height=\"450\" alt=\"\"\/><\/a>\n    <script async src=\"\/\/embedr.flickr.com\/assets\/client-code.js\" charset=\"utf-8\"><\/script><\/div>\n\n<\/p>\n","protected":false},"excerpt":{"rendered":"","protected":false},"author":2,"featured_media":0,"parent":0,"menu_order":0,"comment_status":"open","ping_status":"closed","template":"","meta":{"footnotes":""},"class_list":["post-852","page","type-page","status-publish","hentry"],"_links":{"self":[{"href":"https:\/\/undetec.net\/cdl\/wp-json\/wp\/v2\/pages\/852","targetHints":{"allow":["GET"]}}],"collection":[{"href":"https:\/\/undetec.net\/cdl\/wp-json\/wp\/v2\/pages"}],"about":[{"href":"https:\/\/undetec.net\/cdl\/wp-json\/wp\/v2\/types\/page"}],"author":[{"embeddable":true,"href":"https:\/\/undetec.net\/cdl\/wp-json\/wp\/v2\/users\/2"}],"replies":[{"embeddable":true,"href":"https:\/\/undetec.net\/cdl\/wp-json\/wp\/v2\/comments?post=852"}],"version-history":[{"count":2,"href":"https:\/\/undetec.net\/cdl\/wp-json\/wp\/v2\/pages\/852\/revisions"}],"predecessor-version":[{"id":1552,"href":"https:\/\/undetec.net\/cdl\/wp-json\/wp\/v2\/pages\/852\/revisions\/1552"}],"wp:attachment":[{"href":"https:\/\/undetec.net\/cdl\/wp-json\/wp\/v2\/media?parent=852"}],"curies":[{"name":"wp","href":"https:\/\/api.w.org\/{rel}","templated":true}]}}