{"id":889,"date":"2025-11-23T00:30:47","date_gmt":"2025-11-23T00:30:47","guid":{"rendered":"https:\/\/undetec.net\/cdl\/25e-aniversari-de-lesbart-lleidata-de-dansaires-a-lleida-2009\/"},"modified":"2025-11-23T00:30:47","modified_gmt":"2025-11-23T00:30:47","slug":"25e-aniversari-de-lesbart-lleidata-de-dansaires-a-lleida-2009","status":"publish","type":"page","link":"https:\/\/undetec.net\/cdl\/25e-aniversari-de-lesbart-lleidata-de-dansaires-a-lleida-2009\/","title":{"rendered":"25\u00e8 aniversari de l&#8217;Esbart Lleidat\u00e0 de Dansaires a Lleida 2009"},"content":{"rendered":"<nav class=\"nav-actuacio\"><a class=\"btn-prev\" href=\"https:\/\/undetec.net\/cdl\/ix-trobada-estatal-de-sindrome-de-down-lleida-2008\">&lt; IX Trobada Estatal de S\u00edndrome de Down Lleida 2008<\/a><a class=\"btn-next\" href=\"https:\/\/undetec.net\/cdl\/14e-aniversari-castellers-de-lleida-2009\">14\u00e8 Aniversari Castellers de Lleida 2009 &gt;<\/a><\/nav><div>\n    <!--<h2>Informaci\u00f3 general<\/h2> -->\n    <p><strong>Pde4s, Pde4, 2de6, 3de7, 4de7, Pde5<\/strong><\/p>\n    <section class=\"altres-direccions\">\n    <article class=\"wp-block-group\" style=\"border:1px solid #ddd; padding:0.75rem; margin-bottom:0.75rem;\">\n    <header style=\"display:flex; align-items:center; gap:0.5rem; flex-wrap:wrap;\">  \n    <span>Lleida (Pati de les Com\u00e8dies)<\/span>\n    <span>22\/03\/2009 12:30<\/span>\n    <span>\n        <iframe \n            width=\"600\" \n            height=\"250\" \n            style=\"border:0;\" \n            loading=\"lazy\" \n            allowfullscreen \n            referrerpolicy=\"no-referrer-when-downgrade\"\n            src=\"https:\/\/www.google.com\/maps?q=41.61265226310196,0.6239159315415076&hl=ca&z=20&output=embed\">\n        <\/iframe>\n     <\/span>\n   <\/header>\n<\/article>\n<\/section>\n<ul>\n    <li><strong>Rondes:<\/strong> obrir pla\u00e7a [Pde4, Pde4s], 1a [2de6], 2a [3de7], 3a [4de7], Pilars comiat [Pde5]<\/li>\n    <li><strong>Puntuacio:<\/strong> 1180<\/li>    <li><strong>Curt:<\/strong> aniversari de l&#039;Esbart Lleidat\u00e0 de Dansaires a Lleida<\/li>\n<\/ul>\n<ul class=\"actuacio-caps\"><li class=\"actuacio-cap act-rol-cap-de-colla\"><strong>Cap de colla:<\/strong> Ruben Rosell Urtxulutegui <\/li><\/ul>\n<ul><li>Pilar de quatre: Obrir Pla\u00e7a . Pat\u00ed de les com\u00e8dies (IMAC)<\/li><\/ul>\n        <h3>Observacions<\/h3>\n         <div style=\"border:1px solid #ddd; padding:0.75rem; margin-bottom:0.75rem;\">\n              Aniversari del&#039;Esbart Lliedet\u00e0 de Dansaires        <\/div>\n        \n\n<\/div><p><div class=\"recursos-actuacio\"><a data-flickr-embed=\"true\" data-header=\"false\" data-footer=\"false\" \n    href=\"https:\/\/www.flickr.com\/photos\/castellersdelleida\/albums\/72177720328994250\" title=\"\"><img loading=\"lazy\" decoding=\"async\" src=\"https:\/\/live.staticflickr.com\/65535\/54921017547_dd071a5217_z.jpg\" width=\"620\" height=\"450\" alt=\"\"\/><\/a>\n    <script async src=\"\/\/embedr.flickr.com\/assets\/client-code.js\" charset=\"utf-8\"><\/script><\/div>\n\n<\/p>\n","protected":false},"excerpt":{"rendered":"","protected":false},"author":2,"featured_media":0,"parent":0,"menu_order":0,"comment_status":"open","ping_status":"closed","template":"","meta":{"footnotes":""},"class_list":["post-889","page","type-page","status-publish","hentry"],"_links":{"self":[{"href":"https:\/\/undetec.net\/cdl\/wp-json\/wp\/v2\/pages\/889","targetHints":{"allow":["GET"]}}],"collection":[{"href":"https:\/\/undetec.net\/cdl\/wp-json\/wp\/v2\/pages"}],"about":[{"href":"https:\/\/undetec.net\/cdl\/wp-json\/wp\/v2\/types\/page"}],"author":[{"embeddable":true,"href":"https:\/\/undetec.net\/cdl\/wp-json\/wp\/v2\/users\/2"}],"replies":[{"embeddable":true,"href":"https:\/\/undetec.net\/cdl\/wp-json\/wp\/v2\/comments?post=889"}],"version-history":[{"count":0,"href":"https:\/\/undetec.net\/cdl\/wp-json\/wp\/v2\/pages\/889\/revisions"}],"wp:attachment":[{"href":"https:\/\/undetec.net\/cdl\/wp-json\/wp\/v2\/media?parent=889"}],"curies":[{"name":"wp","href":"https:\/\/api.w.org\/{rel}","templated":true}]}}