{"id":949,"date":"2025-11-23T00:30:47","date_gmt":"2025-11-23T00:30:47","guid":{"rendered":"https:\/\/undetec.net\/cdl\/15a-diada-dels-castellers-de-sant-cugat-2010\/"},"modified":"2025-11-23T00:30:47","modified_gmt":"2025-11-23T00:30:47","slug":"15a-diada-dels-castellers-de-sant-cugat-2010","status":"publish","type":"page","link":"https:\/\/undetec.net\/cdl\/15a-diada-dels-castellers-de-sant-cugat-2010\/","title":{"rendered":"15a diada dels Castellers de Sant Cugat 2010"},"content":{"rendered":"<nav class=\"nav-actuacio\"><a class=\"btn-prev\" href=\"https:\/\/undetec.net\/cdl\/31a-diada-dels-castellers-de-terrassa-2010\">&lt; 31a Diada dels Castellers de Terrassa 2010<\/a><a class=\"btn-next\" href=\"https:\/\/undetec.net\/cdl\/decennals-valls-2011\">Decennals Valls 2011 &gt;<\/a><\/nav><div>\n    <!--<h2>Informaci\u00f3 general<\/h2> -->\n    <p><strong>Pde4cam, 5de7, 2de7, 4de7ag, Pde4, Pde5, Pde4<\/strong><\/p>\n    <section class=\"altres-direccions\">\n    <article class=\"wp-block-group\" style=\"border:1px solid #ddd; padding:0.75rem; margin-bottom:0.75rem;\">\n    <header style=\"display:flex; align-items:center; gap:0.5rem; flex-wrap:wrap;\">  \n    <span>Sant Cugat del Vall\u00e8s (Pla\u00e7a d&#039;Octavi\u00e0)<\/span>\n    <span>14\/11\/2010 12:00<\/span>\n    <span>\n        <iframe \n            width=\"600\" \n            height=\"250\" \n            style=\"border:0;\" \n            loading=\"lazy\" \n            allowfullscreen \n            referrerpolicy=\"no-referrer-when-downgrade\"\n            src=\"https:\/\/www.google.com\/maps?q=41.473571003913165,2.0844163621596277&hl=ca&z=20&output=embed\">\n        <\/iframe>\n     <\/span>\n   <\/header>\n<\/article>\n<\/section>\n<ul>\n    <li><strong>Rondes:<\/strong> obrir pla\u00e7a [Pde4cam], 1a [5de7], 2a [2de7], 3a [4de7ag], Pilars comiat [Pde4, Pde5, Pde4]<\/li>\n    <li><strong>Puntuacio:<\/strong> 1865<\/li>    <li><strong>Curt:<\/strong> Diada dels Castellers de Sant Cugat<\/li>\n<\/ul>\n<ul class=\"actuacio-caps\"><li class=\"actuacio-cap act-rol-cap-de-colla\"><strong>Cap de colla:<\/strong> Ruben Rosell Urtxulutegui <\/li><\/ul>\n\n    \n\n<h3>Anar a una altre...<\/h3><ul><li>15a Diada dels Castellers de Sant Cugat 2010<\/li><\/ul><ul><li><a href=\"https:\/\/undetec.net\/cdl\/4a-diada-dels-castellers-de-sant-cugat-1999\">4a Diada dels Castellers de Sant Cugat 1999<\/a> <\/li><\/ul><\/div><section class=\"altres-colles\"><h3>Altres colles participants<\/h3><article class=\"wp-block-group\" style=\"border:1px solid #ddd; padding:0.75rem; margin-bottom:0.75rem;\"><header style=\"display:flex; align-items:center; gap:0.5rem; flex-wrap:wrap;\"><span class=\"wp-block-image is-style-rounded\" style=\"display:inline-block;\"><img decoding=\"async\" src=\"https:\/\/castellscat.cat\/images\/colles\/castellerssc__escut%20gausacs.png\" alt=\"Castellers de Sant Cugat\" style=\"max-width:60px;height:auto;display:block;\"><\/span><h4 class=\"wp-block-heading\" style=\"margin:0; display:inline-block;\"><a href=\"http:\/\/www.castellersdesantcugat.cat\" target=\"_blank\" rel=\"noopener\">Castellers de Sant Cugat<\/a><\/h4><span style=\"margin-left:0.5rem; font-size:0.9rem;\">Fundada el 1996<\/span><\/header><p style=\"margin:0 0 0.25rem 0; font-size:0.8rem; color:#666;\">Dades extretes de la <a href=\"https:\/\/castellscat.cat\/ca\/les-colles-llistat\" target=\"_blank\" rel=\"noopener\">CCCC<\/a><\/p><div class=\"wp-block-group\" style=\"margin-bottom:0.25rem;\"><p style=\"margin:0 0 0.25rem 0; font-size:0.9rem;\">Color: Verd &quot;Collserola&quot; \u00b7 Sant Bonaventura, 17<\/p><\/div><div class=\"wp-block-group\" style=\"display:flex; gap:0.5rem; align-items:center; margin-top:0.25rem;\"><a href=\"https:\/\/twitter.com\/gausacs\" target=\"_blank\" rel=\"noopener\"><img decoding=\"async\" src=\"\/..\/castells\/img\/xs_x.png\" alt=\"X\" style=\"width:20px;height:20px;\"><\/a><a href=\"https:\/\/www.instagram.com\/gausacs\" target=\"_blank\" rel=\"noopener\"><img decoding=\"async\" src=\"\/..\/castells\/img\/xs_instagram.png\" alt=\"Instagram\" style=\"width:20px;height:20px;\"><\/a><a href=\"https:\/\/www.youtube.com\/user\/gausacs\" target=\"_blank\" rel=\"noopener\"><img decoding=\"async\" src=\"\/..\/castells\/img\/xs_youtube.png\" alt=\"YouTube\" style=\"width:20px;height:20px;\"><\/a><\/div><\/article><article class=\"wp-block-group\" style=\"border:1px solid #ddd; padding:0.75rem; margin-bottom:0.75rem;\"><header style=\"display:flex; align-items:center; gap:0.5rem; flex-wrap:wrap;\"><span class=\"wp-block-image is-style-rounded\" style=\"display:inline-block;\"><img decoding=\"async\" src=\"https:\/\/castellscat.cat\/images\/colles\/20.png\" alt=\"Castellers de Sants\" style=\"max-width:60px;height:auto;display:block;\"><\/span><h4 class=\"wp-block-heading\" style=\"margin:0; display:inline-block;\"><a href=\"https:\/\/www.borinots.cat\" target=\"_blank\" rel=\"noopener\">Castellers de Sants<\/a><\/h4><span style=\"margin-left:0.5rem; font-size:0.9rem;\">Fundada el 1993<\/span><\/header><p style=\"margin:0 0 0.25rem 0; font-size:0.8rem; color:#666;\">Dades extretes de la <a href=\"https:\/\/castellscat.cat\/ca\/les-colles-llistat\" target=\"_blank\" rel=\"noopener\">CCCC<\/a><\/p><div class=\"wp-block-group\" style=\"margin-bottom:0.25rem;\"><p style=\"margin:0 0 0.25rem 0; font-size:0.9rem;\">Color: Gris Brut \u00b7 Comtes de Bell-lloc, 49<\/p><\/div><div class=\"wp-block-group\" style=\"display:flex; gap:0.5rem; align-items:center; margin-top:0.25rem;\"><a href=\"https:\/\/twitter.com\/borinots\" target=\"_blank\" rel=\"noopener\"><img decoding=\"async\" src=\"\/..\/castells\/img\/xs_x.png\" alt=\"X\" style=\"width:20px;height:20px;\"><\/a><a href=\"https:\/\/www.instagram.com\/borinots\" target=\"_blank\" rel=\"noopener\"><img decoding=\"async\" src=\"\/..\/castells\/img\/xs_instagram.png\" alt=\"Instagram\" style=\"width:20px;height:20px;\"><\/a><a href=\"https:\/\/www.youtube.com\/user\/castellersdesants\" target=\"_blank\" rel=\"noopener\"><img decoding=\"async\" src=\"\/..\/castells\/img\/xs_youtube.png\" alt=\"YouTube\" style=\"width:20px;height:20px;\"><\/a><\/div><\/article><\/section><p>\n\n<\/p>\n","protected":false},"excerpt":{"rendered":"","protected":false},"author":2,"featured_media":0,"parent":0,"menu_order":0,"comment_status":"open","ping_status":"closed","template":"","meta":{"footnotes":""},"class_list":["post-949","page","type-page","status-publish","hentry"],"_links":{"self":[{"href":"https:\/\/undetec.net\/cdl\/wp-json\/wp\/v2\/pages\/949","targetHints":{"allow":["GET"]}}],"collection":[{"href":"https:\/\/undetec.net\/cdl\/wp-json\/wp\/v2\/pages"}],"about":[{"href":"https:\/\/undetec.net\/cdl\/wp-json\/wp\/v2\/types\/page"}],"author":[{"embeddable":true,"href":"https:\/\/undetec.net\/cdl\/wp-json\/wp\/v2\/users\/2"}],"replies":[{"embeddable":true,"href":"https:\/\/undetec.net\/cdl\/wp-json\/wp\/v2\/comments?post=949"}],"version-history":[{"count":0,"href":"https:\/\/undetec.net\/cdl\/wp-json\/wp\/v2\/pages\/949\/revisions"}],"wp:attachment":[{"href":"https:\/\/undetec.net\/cdl\/wp-json\/wp\/v2\/media?parent=949"}],"curies":[{"name":"wp","href":"https:\/\/api.w.org\/{rel}","templated":true}]}}