{"id":972,"date":"2025-11-23T00:30:47","date_gmt":"2025-11-23T00:30:47","guid":{"rendered":"https:\/\/undetec.net\/cdl\/festa-major-de-sant-miquel-2011\/"},"modified":"2025-11-23T00:30:47","modified_gmt":"2025-11-23T00:30:47","slug":"festa-major-de-sant-miquel-2011","status":"publish","type":"page","link":"https:\/\/undetec.net\/cdl\/festa-major-de-sant-miquel-2011\/","title":{"rendered":"Festa Major de Sant Miquel 2011"},"content":{"rendered":"<nav class=\"nav-actuacio\"><a class=\"btn-prev\" href=\"https:\/\/undetec.net\/cdl\/13a-trobada-de-colles-de-leix-transversal-a-salt-2011\">&lt; 13a Trobada de Colles de l&#039;Eix Transversal a Salt 2011<\/a><a class=\"btn-next\" href=\"https:\/\/undetec.net\/cdl\/congres-ciencia-en-accio-a-lleida-2011\">Congr\u00e9s Ci\u00e8ncia en Acci\u00f3 a Lleida 2011 &gt;<\/a><\/nav><div>\n    <!--<h2>Informaci\u00f3 general<\/h2> -->\n    <p><strong>Pde4cam, 4de8, 2de8f, 3de8, Pde4, Pde5, Pde5, Pde4, Pde4cam<\/strong><\/p>\n    <section class=\"altres-direccions\">\n    <article class=\"wp-block-group\" style=\"border:1px solid #ddd; padding:0.75rem; margin-bottom:0.75rem;\">\n    <header style=\"display:flex; align-items:center; gap:0.5rem; flex-wrap:wrap;\">  \n    <span>Lleida (Pla\u00e7a Paeria)<\/span>\n    <span>02\/10\/2011 12:00<\/span>\n    <span>\n        <iframe \n            width=\"600\" \n            height=\"250\" \n            style=\"border:0;\" \n            loading=\"lazy\" \n            allowfullscreen \n            referrerpolicy=\"no-referrer-when-downgrade\"\n            src=\"https:\/\/www.google.com\/maps?q=41.61477774858498,0.6266501100447978&hl=ca&z=20&output=embed\">\n        <\/iframe>\n     <\/span>\n   <\/header>\n<\/article>\n<\/section>\n<ul>\n    <li><strong>Rondes:<\/strong> obrir pla\u00e7a [Pde4cam], 1a [4de8], 2a [2de8f], 3a [3de8], Pilars comiat [Pde4, Pde5, Pde5, Pde4], 2a ronda pilars [Pde4cam]<\/li>\n    <li><strong>Puntuacio:<\/strong> 3030<\/li>    <li><strong>Curt:<\/strong> Festa Major de Sant Miquel<\/li>\n<\/ul>\n<ul class=\"actuacio-caps\"><li class=\"actuacio-cap act-rol-cap-de-colla\"><strong>Cap de colla:<\/strong> Samuel de la Fuente Oliva<\/li><\/ul>\n\n    \n\n<h3>Anar a una altre...<\/h3><ul><li><a href=\"https:\/\/undetec.net\/cdl\/festa-major-de-sant-miquel-2026\">Festa Major de Sant Miquel 2026<\/a> <\/li><\/ul><ul><li><a href=\"https:\/\/undetec.net\/cdl\/festa-major-de-sant-miquel-2025\">Festa Major de Sant Miquel 2025<\/a> <\/li><\/ul><ul><li><a href=\"https:\/\/undetec.net\/cdl\/festa-major-de-sant-miquel-2024\">Festa Major de Sant Miquel 2024<\/a> <\/li><\/ul><ul><li><a href=\"https:\/\/undetec.net\/cdl\/festa-major-de-sant-miquel-2023\">Festa Major de Sant Miquel 2023<\/a> <\/li><\/ul><ul><li><a href=\"https:\/\/undetec.net\/cdl\/festa-major-de-sant-miquel-2022\">Festa Major de Sant Miquel 2022<\/a> <\/li><\/ul><ul><li><a href=\"https:\/\/undetec.net\/cdl\/festa-major-de-sant-miquel-2021\">Festa Major de Sant Miquel 2021<\/a> <\/li><\/ul><ul><li><a href=\"https:\/\/undetec.net\/cdl\/festa-major-de-sant-miquel-2019\">Festa Major de Sant Miquel 2019<\/a> <\/li><\/ul><ul><li><a href=\"https:\/\/undetec.net\/cdl\/festa-major-de-sant-miquel-2018\">Festa Major de Sant Miquel 2018<\/a> <\/li><\/ul><ul><li><a href=\"https:\/\/undetec.net\/cdl\/festa-major-de-sant-miquel-2017\">Festa Major de Sant Miquel 2017<\/a> <\/li><\/ul><ul><li><a href=\"https:\/\/undetec.net\/cdl\/festa-major-de-sant-miquel-2016\">Festa Major de Sant Miquel 2016<\/a> <\/li><\/ul><ul><li><a href=\"https:\/\/undetec.net\/cdl\/festa-major-de-sant-miquel-2015\">Festa Major de Sant Miquel 2015<\/a> <\/li><\/ul><ul><li><a href=\"https:\/\/undetec.net\/cdl\/festa-major-de-sant-miquel-2014\">Festa Major de Sant Miquel 2014<\/a> <\/li><\/ul><ul><li><a href=\"https:\/\/undetec.net\/cdl\/festa-major-de-sant-miquel-2013\">Festa Major de Sant Miquel 2013<\/a> <\/li><\/ul><ul><li><a href=\"https:\/\/undetec.net\/cdl\/festa-major-de-sant-miquel-2012\">Festa Major de Sant Miquel 2012<\/a> <\/li><\/ul><ul><li>Festa Major de Sant Miquel 2011<\/li><\/ul><ul><li><a href=\"https:\/\/undetec.net\/cdl\/festa-major-de-sant-miquel-2010\">Festa Major de Sant Miquel 2010<\/a> <\/li><\/ul><ul><li><a href=\"https:\/\/undetec.net\/cdl\/festa-major-de-sant-miquel-2009\">Festa Major de Sant Miquel 2009<\/a> <\/li><\/ul><ul><li><a href=\"https:\/\/undetec.net\/cdl\/festa-major-de-sant-miquel-2008\">Festa Major de Sant Miquel 2008<\/a> <\/li><\/ul><ul><li><a href=\"https:\/\/undetec.net\/cdl\/festa-major-de-sant-miquel-2007\">Festa Major de Sant Miquel 2007<\/a> <\/li><\/ul><ul><li><a href=\"https:\/\/undetec.net\/cdl\/festa-major-de-sant-miquel-2006\">Festa Major de Sant Miquel 2006<\/a> <\/li><\/ul><ul><li><a href=\"https:\/\/undetec.net\/cdl\/festa-major-de-sant-miquel-2005\">Festa Major de Sant Miquel 2005<\/a> <\/li><\/ul><ul><li><a href=\"https:\/\/undetec.net\/cdl\/festa-major-de-sant-miquel-2004\">Festa Major de Sant Miquel 2004<\/a> <\/li><\/ul><ul><li><a href=\"https:\/\/undetec.net\/cdl\/festa-major-de-sant-miquel-2003\">Festa Major de Sant Miquel 2003<\/a> <\/li><\/ul><ul><li><a href=\"https:\/\/undetec.net\/cdl\/festa-major-de-sant-miquel-2002\">Festa Major de Sant Miquel 2002<\/a> <\/li><\/ul><ul><li><a href=\"https:\/\/undetec.net\/cdl\/festa-major-de-sant-miquel-2001\">Festa Major de Sant Miquel 2001<\/a> <\/li><\/ul><ul><li><a href=\"https:\/\/undetec.net\/cdl\/festa-major-de-sant-miquel-2000\">Festa Major de Sant Miquel 2000<\/a> <\/li><\/ul><ul><li><a href=\"https:\/\/undetec.net\/cdl\/festa-major-de-sant-miquel-1999\">Festa Major de Sant Miquel 1999<\/a> <\/li><\/ul><ul><li><a href=\"https:\/\/undetec.net\/cdl\/festa-major-de-sant-miquel-1998\">Festa Major de Sant Miquel 1998<\/a> <\/li><\/ul><ul><li><a href=\"https:\/\/undetec.net\/cdl\/festa-major-de-sant-miquel-1997\">Festa Major de Sant Miquel 1997<\/a> <\/li><\/ul><ul><li><a href=\"https:\/\/undetec.net\/cdl\/festa-major-de-sant-miquel-1996\">Festa Major de Sant Miquel 1996<\/a> <\/li><\/ul><ul><li><a href=\"https:\/\/undetec.net\/cdl\/festa-major-de-sant-miquel-1995\">Festa Major de Sant Miquel 1995<\/a> <\/li><\/ul><\/div><section class=\"altres-colles\"><h3>Altres colles participants<\/h3><article class=\"wp-block-group\" style=\"border:1px solid #ddd; padding:0.75rem; margin-bottom:0.75rem;\"><header style=\"display:flex; align-items:center; gap:0.5rem; flex-wrap:wrap;\"><span class=\"wp-block-image is-style-rounded\" style=\"display:inline-block;\"><img decoding=\"async\" src=\"https:\/\/castellscat.cat\/images\/colles\/32.jpg\" alt=\"Capgrossos de Matar\u00f3\" style=\"max-width:60px;height:auto;display:block;\"><\/span><h4 class=\"wp-block-heading\" style=\"margin:0; display:inline-block;\"><a href=\"http:\/\/www.capgrossos.cat\" target=\"_blank\" rel=\"noopener\">Capgrossos de Matar\u00f3<\/a><\/h4><span style=\"margin-left:0.5rem; font-size:0.9rem;\">Fundada el 1996<\/span><\/header><p style=\"margin:0 0 0.25rem 0; font-size:0.8rem; color:#666;\">Dades extretes de la <a href=\"https:\/\/castellscat.cat\/ca\/les-colles-llistat\" target=\"_blank\" rel=\"noopener\">CCCC<\/a><\/p><div class=\"wp-block-group\" style=\"margin-bottom:0.25rem;\"><p style=\"margin:0 0 0.25rem 0; font-size:0.9rem;\">Color: Blau mar\u00ed \u00b7 Passatge Mariona Galindo Lora 1 (C. Herrera, 59)<\/p><\/div><div class=\"wp-block-group\" style=\"display:flex; gap:0.5rem; align-items:center; margin-top:0.25rem;\"><a href=\"https:\/\/twitter.com\/capgrossos\" target=\"_blank\" rel=\"noopener\"><img decoding=\"async\" src=\"\/..\/castells\/img\/xs_x.png\" alt=\"X\" style=\"width:20px;height:20px;\"><\/a><a href=\"https:\/\/www.instagram.com\/capgrossos\" target=\"_blank\" rel=\"noopener\"><img decoding=\"async\" src=\"\/..\/castells\/img\/xs_instagram.png\" alt=\"Instagram\" style=\"width:20px;height:20px;\"><\/a><a href=\"https:\/\/www.youtube.com\/user\/capgrossos\" target=\"_blank\" rel=\"noopener\"><img decoding=\"async\" src=\"\/..\/castells\/img\/xs_youtube.png\" alt=\"YouTube\" style=\"width:20px;height:20px;\"><\/a><\/div><\/article><article class=\"wp-block-group\" style=\"border:1px solid #ddd; padding:0.75rem; margin-bottom:0.75rem;\"><header style=\"display:flex; align-items:center; gap:0.5rem; flex-wrap:wrap;\"><span class=\"wp-block-image is-style-rounded\" style=\"display:inline-block;\"><img decoding=\"async\" src=\"https:\/\/castellscat.cat\/images\/colles\/nensdelvendrell__nens-vendrell.gif\" alt=\"Nens del Vendrell\" style=\"max-width:60px;height:auto;display:block;\"><\/span><h4 class=\"wp-block-heading\" style=\"margin:0; display:inline-block;\"><a href=\"http:\/\/www.nensdelvendrell.cat\/\" target=\"_blank\" rel=\"noopener\">Nens del Vendrell<\/a><\/h4><span style=\"margin-left:0.5rem; font-size:0.9rem;\">Fundada el 1926<\/span><\/header><p style=\"margin:0 0 0.25rem 0; font-size:0.8rem; color:#666;\">Dades extretes de la <a href=\"https:\/\/castellscat.cat\/ca\/les-colles-llistat\" target=\"_blank\" rel=\"noopener\">CCCC<\/a><\/p><div class=\"wp-block-group\" style=\"margin-bottom:0.25rem;\"><p style=\"margin:0 0 0.25rem 0; font-size:0.9rem;\">Color: vermell \u00b7 Riera de la Bisbal 22<\/p><\/div><div class=\"wp-block-group\" style=\"display:flex; gap:0.5rem; align-items:center; margin-top:0.25rem;\"><a href=\"https:\/\/twitter.com\/nensdelvendrell\" target=\"_blank\" rel=\"noopener\"><img decoding=\"async\" src=\"\/..\/castells\/img\/xs_x.png\" alt=\"X\" style=\"width:20px;height:20px;\"><\/a><a href=\"https:\/\/www.instagram.com\/nensdelvendrell\" target=\"_blank\" rel=\"noopener\"><img decoding=\"async\" src=\"\/..\/castells\/img\/xs_instagram.png\" alt=\"Instagram\" style=\"width:20px;height:20px;\"><\/a><\/div><\/article><\/section><p>\n\n<\/p>\n","protected":false},"excerpt":{"rendered":"","protected":false},"author":2,"featured_media":0,"parent":0,"menu_order":0,"comment_status":"open","ping_status":"closed","template":"","meta":{"footnotes":""},"class_list":["post-972","page","type-page","status-publish","hentry"],"_links":{"self":[{"href":"https:\/\/undetec.net\/cdl\/wp-json\/wp\/v2\/pages\/972","targetHints":{"allow":["GET"]}}],"collection":[{"href":"https:\/\/undetec.net\/cdl\/wp-json\/wp\/v2\/pages"}],"about":[{"href":"https:\/\/undetec.net\/cdl\/wp-json\/wp\/v2\/types\/page"}],"author":[{"embeddable":true,"href":"https:\/\/undetec.net\/cdl\/wp-json\/wp\/v2\/users\/2"}],"replies":[{"embeddable":true,"href":"https:\/\/undetec.net\/cdl\/wp-json\/wp\/v2\/comments?post=972"}],"version-history":[{"count":0,"href":"https:\/\/undetec.net\/cdl\/wp-json\/wp\/v2\/pages\/972\/revisions"}],"wp:attachment":[{"href":"https:\/\/undetec.net\/cdl\/wp-json\/wp\/v2\/media?parent=972"}],"curies":[{"name":"wp","href":"https:\/\/api.w.org\/{rel}","templated":true}]}}