{"id":974,"date":"2025-11-23T00:30:47","date_gmt":"2025-11-23T00:30:47","guid":{"rendered":"https:\/\/undetec.net\/cdl\/forum-europeu-dadministradors-deducacio-a-lleida-2011\/"},"modified":"2025-11-23T00:30:47","modified_gmt":"2025-11-23T00:30:47","slug":"forum-europeu-dadministradors-deducacio-a-lleida-2011","status":"publish","type":"page","link":"https:\/\/undetec.net\/cdl\/forum-europeu-dadministradors-deducacio-a-lleida-2011\/","title":{"rendered":"F\u00f2rum Europeu d&#8217;Administradors d&#8217;Educaci\u00f3 a Lleida 2011"},"content":{"rendered":"<nav class=\"nav-actuacio\"><a class=\"btn-prev\" href=\"https:\/\/undetec.net\/cdl\/congres-ciencia-en-accio-a-lleida-2011\">&lt; Congr\u00e9s Ci\u00e8ncia en Acci\u00f3 a Lleida 2011<\/a><a class=\"btn-next\" href=\"https:\/\/undetec.net\/cdl\/ii-memorial-david-carreras-a-esplugues-de-llobregat-2011\">II Memorial David Carreras a Esplugues de Llobregat 2011 &gt;<\/a><\/nav><div>\n    <!--<h2>Informaci\u00f3 general<\/h2> -->\n    <p><strong>3de7, 4de7, 2de7, 5de6, Pde5<\/strong><\/p>\n    <section class=\"altres-direccions\">\n    <article class=\"wp-block-group\" style=\"border:1px solid #ddd; padding:0.75rem; margin-bottom:0.75rem;\">\n    <header style=\"display:flex; align-items:center; gap:0.5rem; flex-wrap:wrap;\">  \n    <span>Lleida (Pla\u00e7a Paeria)<\/span>\n    <span>14\/10\/2011 20:15<\/span>\n    <span>\n        <iframe \n            width=\"600\" \n            height=\"250\" \n            style=\"border:0;\" \n            loading=\"lazy\" \n            allowfullscreen \n            referrerpolicy=\"no-referrer-when-downgrade\"\n            src=\"https:\/\/www.google.com\/maps?q=41.61477774858498,0.6266501100447978&hl=ca&z=20&output=embed\">\n        <\/iframe>\n     <\/span>\n   <\/header>\n<\/article>\n<\/section>\n<ul>\n    <li><strong>Rondes:<\/strong> 1a [3de7], 2a [4de7], 3a [2de7], 4a [5de6], Pilars comiat [Pde5]<\/li>\n    <li><strong>Puntuacio:<\/strong> 1600<\/li>    <li><strong>Curt:<\/strong> F\u00f2rum Europeu d&#039;Administradors d&#039;Educaci\u00f3 a Lleida<\/li>\n<\/ul>\n<ul class=\"actuacio-caps\"><li class=\"actuacio-cap act-rol-cap-de-colla\"><strong>Cap de colla:<\/strong> Samuel de la Fuente Oliva<\/li><\/ul>\n\n    \n\n<\/div><p>\n\n<\/p>\n","protected":false},"excerpt":{"rendered":"","protected":false},"author":2,"featured_media":0,"parent":0,"menu_order":0,"comment_status":"open","ping_status":"closed","template":"","meta":{"footnotes":""},"class_list":["post-974","page","type-page","status-publish","hentry"],"_links":{"self":[{"href":"https:\/\/undetec.net\/cdl\/wp-json\/wp\/v2\/pages\/974","targetHints":{"allow":["GET"]}}],"collection":[{"href":"https:\/\/undetec.net\/cdl\/wp-json\/wp\/v2\/pages"}],"about":[{"href":"https:\/\/undetec.net\/cdl\/wp-json\/wp\/v2\/types\/page"}],"author":[{"embeddable":true,"href":"https:\/\/undetec.net\/cdl\/wp-json\/wp\/v2\/users\/2"}],"replies":[{"embeddable":true,"href":"https:\/\/undetec.net\/cdl\/wp-json\/wp\/v2\/comments?post=974"}],"version-history":[{"count":0,"href":"https:\/\/undetec.net\/cdl\/wp-json\/wp\/v2\/pages\/974\/revisions"}],"wp:attachment":[{"href":"https:\/\/undetec.net\/cdl\/wp-json\/wp\/v2\/media?parent=974"}],"curies":[{"name":"wp","href":"https:\/\/api.w.org\/{rel}","templated":true}]}}